{"id":26,"date":"2017-01-19T14:00:20","date_gmt":"2017-01-19T14:00:20","guid":{"rendered":"http:\/\/sw-themes.com\/porto_dummy\/?page_id=26"},"modified":"2025-11-11T16:52:41","modified_gmt":"2025-11-11T13:52:41","slug":"iletisim","status":"publish","type":"page","link":"https:\/\/wp.beranet.com\/index.php\/iletisim\/","title":{"rendered":"\u0130leti\u015fim"},"content":{"rendered":"<div class=\"wpb-content-wrapper\"><p>[vc_row css=&#8221;.vc_custom_1706244518733{margin-bottom: 63px !important;padding-top: 4px !important;}&#8221; conditional_render=&#8221;%5B%7B%22value_role%22%3A%22administrator%22%7D%5D&#8221;][vc_column width=&#8221;2\/3&#8243; el_class=&#8221;mb-4&#8243;]<div class=\"wpb_custom_dadbd52c017d7890722a841170fbfeb0 custom-contact-form-style\">\n<div class=\"wpcf7 no-js\" id=\"wpcf7-f128-o1\" lang=\"en-US\" dir=\"ltr\" data-wpcf7-id=\"128\">\n<div class=\"screen-reader-response\"><p role=\"status\" aria-live=\"polite\" aria-atomic=\"true\"><\/p> <ul><\/ul><\/div>\n<form action=\"\/index.php\/wp-json\/wp\/v2\/pages\/26#wpcf7-f128-o1\" method=\"post\" class=\"wpcf7-form init\" aria-label=\"Contact form\" novalidate=\"novalidate\" data-status=\"init\">\n<fieldset class=\"hidden-fields-container\"><input type=\"hidden\" name=\"_wpcf7\" value=\"128\" \/><input type=\"hidden\" name=\"_wpcf7_version\" value=\"6.1.3\" \/><input type=\"hidden\" name=\"_wpcf7_locale\" value=\"en_US\" \/><input type=\"hidden\" name=\"_wpcf7_unit_tag\" value=\"wpcf7-f128-o1\" \/><input type=\"hidden\" name=\"_wpcf7_container_post\" value=\"0\" \/><input type=\"hidden\" name=\"_wpcf7_posted_data_hash\" value=\"\" \/>\n<\/fieldset>\n<div class=\"form-group\">\n<div class=\"custom-input-box\">\n<i class=\"Simple-Line-Icons-user\"><\/i><span class=\"wpcf7-form-control-wrap\" data-name=\"your-name\"><input size=\"40\" maxlength=\"400\" class=\"wpcf7-form-control wpcf7-text wpcf7-validates-as-required form-control\" aria-required=\"true\" aria-invalid=\"false\" placeholder=\"\u0130sim *\" value=\"\" type=\"text\" name=\"your-name\" \/><\/span>\n<\/div>\n<\/div>\n\n<div class=\"form-group\">\n<div class=\"custom-input-box\">\n<i class=\"Simple-Line-Icons-envelope\"><\/i><span class=\"wpcf7-form-control-wrap\" data-name=\"your-email\"><input size=\"40\" maxlength=\"400\" class=\"wpcf7-form-control wpcf7-email wpcf7-validates-as-required wpcf7-text wpcf7-validates-as-email form-control\" aria-required=\"true\" aria-invalid=\"false\" placeholder=\"E-posta *\" value=\"\" type=\"email\" name=\"your-email\" \/><\/span>\n<\/div>\n<\/div>\n\n<div class=\"form-group\">\n<div class=\"custom-input-box\">\n<i class=\"Simple-Line-Icons-phone\"><\/i><span class=\"wpcf7-form-control-wrap\" data-name=\"tel-267\"><input size=\"40\" maxlength=\"400\" class=\"wpcf7-form-control wpcf7-tel wpcf7-validates-as-required wpcf7-text wpcf7-validates-as-tel form-control\" aria-required=\"true\" aria-invalid=\"false\" placeholder=\"Telefon Numaras\u0131 *\" value=\"\" type=\"tel\" name=\"tel-267\" \/><\/span>\n<\/div>\n<\/div>\n\n\n<div class=\"form-group\">\n<div class=\"custom-input-box\">\n<i class=\"Simple-Line-Icons-bubble\"><\/i>  <\/i><span class=\"wpcf7-form-control-wrap\" data-name=\"your-message\"><textarea cols=\"40\" rows=\"10\" maxlength=\"2000\" class=\"wpcf7-form-control wpcf7-textarea wpcf7-validates-as-required form-control\" aria-required=\"true\" aria-invalid=\"false\" placeholder=\"Mesaj *\" name=\"your-message\"><\/textarea><\/span>\n<\/div>\n<\/div>\n\n\n\n\n<div class=\"submit-btn\"><input class=\"wpcf7-form-control wpcf7-submit has-spinner btn btn-borders btn-primary\" type=\"submit\" value=\"G\u00f6nder\" \/><\/div><div class=\"wpcf7-response-output\" aria-hidden=\"true\"><\/div>\n<\/form>\n<\/div>\n<\/div>[\/vc_column][vc_column width=&#8221;1\/3&#8243;][vc_custom_heading text=&#8221;Sosyal A\u011flar&#8221; font_container=&#8221;tag:h4|text_align:left&#8221; google_fonts=&#8221;font_family:Open%20Sans%20Condensed%3A300%2C300italic%2C700|font_style:700%20bold%20regular%3A700%3Anormal&#8221; css_params=&#8221;&#8221;][vc_empty_space height=&#8221;20px&#8221; css_params=&#8221;&#8221;][vc_custom_heading text=&#8221;\u0130leti\u015fim bilgilerimiz&#8221; font_container=&#8221;tag:h4|text_align:left&#8221; google_fonts=&#8221;font_family:Open%20Sans%20Condensed%3A300%2C300italic%2C700|font_style:700%20bold%20regular%3A700%3Anormal&#8221; css_params=&#8221;&#8221;]<div class=\"porto-feature-box wpb_content_element  contact-info mb-4\"><div class=\"feature-box feature-box-primary feature-box-style-2\"><div class=\"feature-box-icon feature-box-icon-primary\"><i class=\"porto-icon-category-home text-color-primary\" style=\"font-size:27px\"><\/i><\/div><div class=\"feature-box-info\">[vc_column_text css=&#8221;.vc_custom_1757429093175{margin-bottom: 20px !important;}&#8221; el_class=&#8221;font-size-xl&#8221; css_params=&#8221;&#8221;]\u0130kitelli Org. San. B\u00f6lg. Ba\u011fc\u0131lar-G\u00fcng\u00f6ren San. Sit. Ahi Evran \u0130\u015f Mrk. Kat: 2 No: 19 Ba\u015fak\u015fehir \/ \u0130STANBUL[\/vc_column_text]<\/div><\/div><\/div><div class=\"porto-feature-box wpb_content_element  contact-info\"><div class=\"feature-box feature-box-primary feature-box-style-2\"><div class=\"feature-box-icon feature-box-icon-primary\"><i class=\"Simple-Line-Icons-envelope text-color-primary\" style=\"font-size:27px\"><\/i><\/div><div class=\"feature-box-info\">[vc_column_text css=&#8221;.vc_custom_1762866743740{margin-bottom: 20px !important;}&#8221; el_class=&#8221;font-size-xl&#8221; css_params=&#8221;&#8221;]<a href=\"mailto:info@ekosistemgroup.com\">info@ekosistemgroup.com<\/a>[\/vc_column_text]<\/div><\/div><\/div><div class=\"porto-feature-box wpb_content_element  contact-info mb-4\"><div class=\"feature-box feature-box-primary feature-box-style-2\"><div class=\"feature-box-icon feature-box-icon-primary\"><i class=\"Simple-Line-Icons-phone text-color-primary\" style=\"font-size:27px\"><\/i><\/div><div class=\"feature-box-info\">[vc_column_text css=&#8221;.vc_custom_1757429069862{margin-bottom: 20px !important;}&#8221; el_class=&#8221;font-size-xl&#8221; css_params=&#8221;&#8221;]<a href=\"tel:02124386681\">0212 438 66 81<\/a>[\/vc_column_text]<\/div><\/div><\/div><div class=\"porto-feature-box wpb_content_element  contact-info mb-4\"><div class=\"feature-box feature-box-primary feature-box-style-2\"><div class=\"feature-box-icon feature-box-icon-primary\"><i class=\"Simple-Line-Icons-printer text-color-primary\" style=\"font-size:27px\"><\/i><\/div><div class=\"feature-box-info\">[vc_column_text css=&#8221;.vc_custom_1757429845583{margin-bottom: 20px !important;}&#8221; el_class=&#8221;font-size-xl&#8221; css_params=&#8221;&#8221;]<a href=\"tel:02124386646\">0212 438 66 46<\/a>[\/vc_column_text][vc_separator css=&#8221;&#8221; css_params=&#8221;&#8221;]<\/div><\/div><\/div>[vc_custom_heading text=&#8221;Arnavutk\u00f6y \u015eube&#8221; font_container=&#8221;tag:h4|text_align:left&#8221; google_fonts=&#8221;font_family:Open%20Sans%20Condensed%3A300%2C300italic%2C700|font_style:700%20bold%20regular%3A700%3Anormal&#8221; css_params=&#8221;&#8221;]<div class=\"porto-feature-box wpb_content_element  contact-info mb-4\"><div class=\"feature-box feature-box-primary feature-box-style-2\"><div class=\"feature-box-icon feature-box-icon-primary\"><i class=\"Simple-Line-Icons-location-pin text-color-primary\" style=\"font-size:27px\"><\/i><\/div><div class=\"feature-box-info\">[vc_column_text css=&#8221;.vc_custom_1757429919552{margin-bottom: 20px !important;}&#8221; el_class=&#8221;font-size-xl&#8221; css_params=&#8221;&#8221;]Deliklikaya \u00d6zel End\u00fcstri B\u00f6lgesi Teskoop \u00c7ar\u015f\u0131<\/p>\n<p>Arnavutk\u00f6y \/ \u0130STANBUL[\/vc_column_text]<\/div><\/div><\/div>[\/vc_column][\/vc_row][vc_row full_width=&#8221;stretch_row_content_no_spaces&#8221; css=&#8221;.vc_custom_1706244573684{margin-bottom: -40px !important;}&#8221; conditional_render=&#8221;%5B%7B%22value_role%22%3A%22administrator%22%7D%5D&#8221;][vc_column][vc_tta_accordion active_section=&#8221;1&#8243; css_params=&#8221;&#8221;][vc_tta_section title=&#8221;HAR\u0130TADAK\u0130 B\u0130Z\u0130 G\u00d6R\u00dcNT\u00dcLEY\u0130N&#8221; tab_id=&#8221;1741957657688-1c4c16df-3ef6&#8243;]<div id='wrap_map_69e5ba09a0048' class='porto-map-wrapper porto-adjust-bottom-margin mb-0' style='height:400px;'><div id='map_69e5ba09a0048' data-map_override='0' class='porto_google_map page_margin_top' style='width:100%;height:400px;'><\/div><\/div><script>\r\n( function() {\r\n\tvar porto_init_map = function() {\r\n\t\t( function( $ ) {\r\n\t\t\t'use strict';\r\n\t\t\tif (typeof google == 'undefined') {\r\n\t\t\t\treturn;\r\n\t\t\t}\r\n\t\t\tvar map_map_69e5ba09a0048 = null;\r\n\t\t\tvar coordinate_map_69e5ba09a0048;\r\n\t\t\ttry {\r\n\t\t\t\tcoordinate_map_69e5ba09a0048=new google.maps.LatLng(41.074173, 28.800644);\r\n\t\t\t\tvar isDraggable = $(document).width() > 640 ? true : false;\r\n\t\t\t\tvar mapOptions = {\r\n\t\t\t\t\tzoom: 15,\r\n\t\t\t\t\tcenter: coordinate_map_69e5ba09a0048,\r\n\t\t\t\t\tscaleControl: true,\r\n\t\t\t\t\tstreetViewControl: true,\r\n\t\t\t\t\tmapTypeControl: true,\r\n\t\t\t\t\tpanControl: false,\r\n\t\t\t\t\tzoomControl: true,\r\n\t\t\t\t\tscrollwheel: false,\r\n\t\t\t\t\tdraggable: isDraggable,\r\n\t\t\t\t\tzoomControlOptions: {\r\n\t\t\t\t\t\tposition: google.maps.ControlPosition.RIGHT_BOTTOM\r\n\t\t\t\t\t}, mapTypeControlOptions: {\r\n\t\t\t\t\t\t\tmapTypeIds: [google.maps.MapTypeId.ROADMAP, 'map_style']\r\n\t\t\t\t\t\t}};var styles = [{\"featureType\":\"water\",\"elementType\":\"geometry\",\"stylers\":[{\"color\":\"#e9e9e9\"},{\"lightness\":17}]},{\"featureType\":\"landscape\",\"elementType\":\"geometry\",\"stylers\":[{\"color\":\"#f5f5f5\"},{\"lightness\":20}]},{\"featureType\":\"road.highway\",\"elementType\":\"geometry.fill\",\"stylers\":[{\"color\":\"#ffffff\"},{\"lightness\":17}]},{\"featureType\":\"road.highway\",\"elementType\":\"geometry.stroke\",\"stylers\":[{\"color\":\"#ffffff\"},{\"lightness\":29},{\"weight\":0.2}]},{\"featureType\":\"road.arterial\",\"elementType\":\"geometry\",\"stylers\":[{\"color\":\"#ffffff\"},{\"lightness\":18}]},{\"featureType\":\"road.local\",\"elementType\":\"geometry\",\"stylers\":[{\"color\":\"#ffffff\"},{\"lightness\":16}]},{\"featureType\":\"poi\",\"elementType\":\"geometry\",\"stylers\":[{\"color\":\"#f5f5f5\"},{\"lightness\":21}]},{\"featureType\":\"poi.park\",\"elementType\":\"geometry\",\"stylers\":[{\"color\":\"#dedede\"},{\"lightness\":21}]},{\"elementType\":\"labels.text.stroke\",\"stylers\":[{\"visibility\":\"on\"},{\"color\":\"#ffffff\"},{\"lightness\":16}]},{\"elementType\":\"labels.text.fill\",\"stylers\":[{\"saturation\":36},{\"color\":\"#333333\"},{\"lightness\":40}]},{\"elementType\":\"labels.icon\",\"stylers\":[{\"visibility\":\"off\"}]},{\"featureType\":\"transit\",\"elementType\":\"geometry\",\"stylers\":[{\"color\":\"#f2f2f2\"},{\"lightness\":19}]},{\"featureType\":\"administrative\",\"elementType\":\"geometry.fill\",\"stylers\":[{\"color\":\"#fefefe\"},{\"lightness\":20}]},{\"featureType\":\"administrative\",\"elementType\":\"geometry.stroke\",\"stylers\":[{\"color\":\"#fefefe\"},{\"lightness\":17},{\"weight\":1.2}]}];\r\n\t\t\t\t\t\tvar styledMap = new google.maps.StyledMapType(styles,\r\n\t\t\t\t\t\t\t{name: \"Styled Map\"});var map_map_69e5ba09a0048 = new google.maps.Map(document.getElementById('map_69e5ba09a0048'),mapOptions);map_map_69e5ba09a0048.mapTypes.set('map_style', styledMap);\r\n\t\t\t\t\t\t\t map_map_69e5ba09a0048.setMapTypeId('map_style');\r\n\t\t\t\t\t\tvar x = 'off';\r\n\t\t\t\t\t\tvar marker_map_69e5ba09a0048 = new google.maps.Marker({\r\n\t\t\t\t\t\tposition: new google.maps.LatLng(41.074173, 28.800644),\r\n\t\t\t\t\t\tanimation:  google.maps.Animation.DROP,\r\n\t\t\t\t\t\tmap: map_map_69e5ba09a0048,\r\n\t\t\t\t\t\ticon: ''\r\n\t\t\t\t\t});\r\n\t\t\t\t\tgoogle.maps.event.addListener(marker_map_69e5ba09a0048, 'click', toggleBounce);var infowindow = new google.maps.InfoWindow();\r\n\t\t\t\t\t\t\tinfowindow.setContent('<div class=\"map_info_text\" style=\\'color:#000;\\'>Yi\u011fit OSGB<\/div>');infowindow.open(map_map_69e5ba09a0048,marker_map_69e5ba09a0048);google.maps.event.addListener(marker_map_69e5ba09a0048, 'click', function() {\r\n\t\t\t\t\t\t\t\tinfowindow.open(map_map_69e5ba09a0048,marker_map_69e5ba09a0048);\r\n\t\t\t\t\t\t\t});}\r\n\t\t\tcatch(e){};\r\n\t\t\tgoogle.maps.event.trigger(map_map_69e5ba09a0048, 'resize');\r\n\t\t\t$(window).on('resize', function(){\r\n\t\t\t\tgoogle.maps.event.trigger(map_map_69e5ba09a0048, 'resize');\r\n\t\t\t\tif(map_map_69e5ba09a0048!=null) {\r\n\t\t\t\t\tmap_map_69e5ba09a0048.setCenter(coordinate_map_69e5ba09a0048);\r\n\t\t\t\t}\r\n\t\t\t});\r\n\t\t\t$('.ui-tabs').on('tabsactivate', function(event, ui) {\r\n\t\t\t   if($(this).find('.porto-map-wrapper').length > 0)\r\n\t\t\t\t{\r\n\t\t\t\t\tsetTimeout(function(){\r\n\t\t\t\t\t\t$(window).trigger('resize');\r\n\t\t\t\t\t},200);\r\n\t\t\t\t}\r\n\t\t\t});\r\n\t\t\t$('.ui-accordion').on('accordionactivate', function(event, ui) {\r\n\t\t\t\tif($(this).find('.porto-map-wrapper').length > 0) {\r\n\t\t\t\t\tsetTimeout(function(){\r\n\t\t\t\t\t\t$(window).trigger('resize');\r\n\t\t\t\t\t},200);\r\n\t\t\t\t}\r\n\t\t\t});\r\n\t\t\t$(document).on('onPortoModalPopupOpen', function(){\r\n\t\t\t\tif($(map_map_69e5ba09a0048).parents('.porto_modal-content')) {\r\n\t\t\t\t\tsetTimeout(function(){\r\n\t\t\t\t\t\t$(window).trigger('resize');\r\n\t\t\t\t\t},200);\r\n\t\t\t\t}\r\n\t\t\t});\r\n\t\t\tfunction toggleBounce() {\r\n\t\t\t\tif (marker_map_69e5ba09a0048.getAnimation() != null) {\r\n\t\t\t\t\tmarker_map_69e5ba09a0048.setAnimation(null);\r\n\t\t\t\t} else {\r\n\t\t\t\t\tmarker_map_69e5ba09a0048.setAnimation(google.maps.Animation.BOUNCE);\r\n\t\t\t\t}\r\n\t\t\t}\r\n\t\t} )( window.jQuery );\r\n\t};\r\n\r\n\tif ( window.jQuery ) {\r\n\t\tjQuery( document ).ready(function() {\r\n\t\t\tporto_init_map();\r\n\t\t} );\r\n\t} else {\r\n\t\tdocument.addEventListener( 'DOMContentLoaded', porto_init_map );\r\n\t}\r\n\r\n\twindow.addEventListener( 'load', function() {\r\n\t\tsetTimeout( function() {\r\n\t\t\tjQuery( window ).trigger( 'resize' );\r\n\t\t}, 200 );\r\n\t} );\r\n} )();\r\n<\/script>[\/vc_tta_section][\/vc_tta_accordion][\/vc_column][\/vc_row]<\/p>\n<\/div>","protected":false},"excerpt":{"rendered":"<p>[vc_row css=&#8221;.vc_custom_1706244518733{margin-bottom: 63px !important;padding-top: 4px !important;}&#8221; conditional_render=&#8221;%5B%7B%22value_role%22%3A%22administrator%22%7D%5D&#8221;][vc_column width=&#8221;2\/3&#8243; el_class=&#8221;mb-4&#8243;][\/vc_column][vc_column width=&#8221;1\/3&#8243;][vc_custom_heading text=&#8221;Sosyal A\u011flar&#8221; font_container=&#8221;tag:h4|text_align:left&#8221; google_fonts=&#8221;font_family:Open%20Sans%20Condensed%3A300%2C300italic%2C700|font_style:700%20bold%20regular%3A700%3Anormal&#8221; css_params=&#8221;&#8221;][vc_empty_space height=&#8221;20px&#8221; css_params=&#8221;&#8221;][vc_custom_heading text=&#8221;\u0130leti\u015fim bilgilerimiz&#8221; font_container=&#8221;tag:h4|text_align:left&#8221; google_fonts=&#8221;font_family:Open%20Sans%20Condensed%3A300%2C300italic%2C700|font_style:700%20bold%20regular%3A700%3Anormal&#8221; css_params=&#8221;&#8221;][vc_custom_heading text=&#8221;Arnavutk\u00f6y \u015eube&#8221; font_container=&#8221;tag:h4|text_align:left&#8221; google_fonts=&#8221;font_family:Open%20Sans%20Condensed%3A300%2C300italic%2C700|font_style:700%20bold%20regular%3A700%3Anormal&#8221; css_params=&#8221;&#8221;][\/vc_column][\/vc_row][vc_row full_width=&#8221;stretch_row_content_no_spaces&#8221; css=&#8221;.vc_custom_1706244573684{margin-bottom: -40px !important;}&#8221; conditional_render=&#8221;%5B%7B%22value_role%22%3A%22administrator%22%7D%5D&#8221;][vc_column][vc_tta_accordion active_section=&#8221;1&#8243; css_params=&#8221;&#8221;][vc_tta_section title=&#8221;HAR\u0130TADAK\u0130 B\u0130Z\u0130 G\u00d6R\u00dcNT\u00dcLEY\u0130N&#8221; tab_id=&#8221;1741957657688-1c4c16df-3ef6&#8243;][\/vc_tta_section][\/vc_tta_accordion][\/vc_column][\/vc_row]<\/p>\n","protected":false},"author":1,"featured_media":0,"parent":0,"menu_order":0,"comment_status":"closed","ping_status":"closed","template":"","meta":{"footnotes":""},"class_list":["post-26","page","type-page","status-publish","hentry"],"_links":{"self":[{"href":"https:\/\/wp.beranet.com\/index.php\/wp-json\/wp\/v2\/pages\/26","targetHints":{"allow":["GET"]}}],"collection":[{"href":"https:\/\/wp.beranet.com\/index.php\/wp-json\/wp\/v2\/pages"}],"about":[{"href":"https:\/\/wp.beranet.com\/index.php\/wp-json\/wp\/v2\/types\/page"}],"author":[{"embeddable":true,"href":"https:\/\/wp.beranet.com\/index.php\/wp-json\/wp\/v2\/users\/1"}],"replies":[{"embeddable":true,"href":"https:\/\/wp.beranet.com\/index.php\/wp-json\/wp\/v2\/comments?post=26"}],"version-history":[{"count":16,"href":"https:\/\/wp.beranet.com\/index.php\/wp-json\/wp\/v2\/pages\/26\/revisions"}],"predecessor-version":[{"id":25006,"href":"https:\/\/wp.beranet.com\/index.php\/wp-json\/wp\/v2\/pages\/26\/revisions\/25006"}],"wp:attachment":[{"href":"https:\/\/wp.beranet.com\/index.php\/wp-json\/wp\/v2\/media?parent=26"}],"curies":[{"name":"wp","href":"https:\/\/api.w.org\/{rel}","templated":true}]}}