{"id":24810,"date":"2025-09-09T17:18:28","date_gmt":"2025-09-09T14:18:28","guid":{"rendered":"https:\/\/yigitosgb.com\/?page_id=24810"},"modified":"2025-12-02T17:08:26","modified_gmt":"2025-12-02T14:08:26","slug":"faaliyet-alanlarimiz","status":"publish","type":"page","link":"https:\/\/wp.beranet.com\/index.php\/faaliyet-alanlarimiz\/","title":{"rendered":"FAAL\u0130YET ALANLARIMIZ"},"content":{"rendered":"<div class=\"wpb-content-wrapper\"><p>[vc_row wrap_container=&#8221;yes&#8221; text_align=&#8221;center&#8221; animation_delay=&#8221;200&#8243; el_class=&#8221;custom-info-box&#8221; css=&#8221;.vc_custom_1762868886081{padding-bottom: 57px !important;}&#8221; conditional_render=&#8221;%5B%7B%22value_role%22%3A%22administrator%22%7D%5D&#8221; animation_type=&#8221;fadeIn&#8221; css_params=&#8221;&#8221;][vc_column][vc_custom_heading text=&#8221;Hizmetlerimiz&#8221; font_container=&#8221;tag:h2|text_align:center|line_height:42px&#8221; google_fonts=&#8221;font_family:Playfair%20Display%3Aregular%2Citalic%2C700%2C700italic%2C900%2C900italic|font_style:400%20regular%3A400%3Anormal&#8221; css=&#8221;.vc_custom_1762867902625{margin-bottom: 21px !important;}&#8221; font_weight=&#8221;700&#8243; css_params=&#8221;&#8221;][vc_row_inner][vc_column_inner width=&#8221;1\/2&#8243;]<a class=\"porto-sicon-box-link\" href=\"https:\/\/yigitosgb.com\/index.php\/mobil-saglik-taramasi\/\"><div class=\"porto-sicon-box  vc_custom_1762784672004 mb-0  wpb_custom_58f310207e6493e4256c2b87412fcb4e style_2 default-icon\"><div class=\"porto-sicon-default\"><div class=\"porto-just-icon-wrapper porto-sicon-img  porto-icon-9f5d1cfb45d27d96b50bf473aebba227\" style=\"font-size: 100px;\"><img loading=\"lazy\" decoding=\"async\" class=\"img-icon\" alt=\"\" src=\"https:\/\/wp.beranet.com\/wp-content\/uploads\/2025\/11\/MOBIL-SAGLIK-TARAMASI.webp\" width=\"1024\" height=\"1024\" \/><\/div><\/div><div class=\"porto-sicon-header\" style=\"margin-bottom:-1px;\"><h3 class=\"porto-sicon-title\" style=\"\">MOB\u0130L SA\u011eLIK TARAMASI<\/h3><p>\u0130\u015f yerinizde h\u0131zl\u0131 ve profesyonel sa\u011fl\u0131k taramas\u0131 hizmeti.<\/p><\/div> <!-- header --><\/div><!-- porto-sicon-box --><\/a>[\/vc_column_inner][vc_column_inner width=&#8221;1\/2&#8243;]<a class=\"porto-sicon-box-link\" href=\"https:\/\/yigitosgb.com\/index.php\/ise-giris-saglik-raporu\/\"><div class=\"porto-sicon-box  vc_custom_1762785666358 mb-0  wpb_custom_58f310207e6493e4256c2b87412fcb4e style_2 default-icon\"><div class=\"porto-sicon-default\"><div class=\"porto-just-icon-wrapper porto-sicon-img  porto-icon-9f5d1cfb45d27d96b50bf473aebba227\" style=\"font-size: 100px;\"><img loading=\"lazy\" decoding=\"async\" class=\"img-icon\" alt=\"\" src=\"https:\/\/wp.beranet.com\/wp-content\/uploads\/2025\/11\/health-report.png\" width=\"1024\" height=\"1024\" \/><\/div><\/div><div class=\"porto-sicon-header\" style=\"margin-bottom:-1px;\"><h3 class=\"porto-sicon-title\" style=\"\">\u0130\u015eE G\u0130R\u0130\u015e SA\u011eLIK RAPORU<\/h3><p>Yasal i\u015fe giri\u015f muayene ve raporlama hizmeti.<\/p><\/div> <!-- header --><\/div><!-- porto-sicon-box --><\/a>[\/vc_column_inner][\/vc_row_inner][vc_row_inner][vc_column_inner][\/vc_column_inner][vc_column_inner][vc_separator css=&#8221;&#8221; css_params=&#8221;&#8221;][vc_empty_space height=&#8221;16px&#8221; css_params=&#8221;&#8221;][\/vc_column_inner][\/vc_row_inner][vc_custom_heading text=&#8221;Di\u011fer Hizmetlerimiz&#8221; font_container=&#8221;tag:h2|text_align:center|line_height:42px&#8221; google_fonts=&#8221;font_family:Playfair%20Display%3Aregular%2Citalic%2C700%2C700italic%2C900%2C900italic|font_style:700%20bold%20regular%3A700%3Anormal&#8221; css=&#8221;.vc_custom_1762867916089{margin-bottom: 21px !important;}&#8221; font_weight=&#8221;700&#8243; css_params=&#8221;&#8221;][vc_row_inner][vc_column_inner width=&#8221;1\/4&#8243; offset=&#8221;vc_col-md-4&#8243; css_params=&#8221;&#8221;]<a class=\"porto-sicon-box-link\" href=\"\/index.php\/is-guvenligi-uzmani-hizmeti\/\"><div class=\"porto-sicon-box  vc_custom_1762784212344 mb-0  wpb_custom_cd17d7ead6411ecc9aa7be10cbbcf570 style_2 default-icon\"><div class=\"porto-sicon-default\"><div class=\"porto-just-icon-wrapper porto-sicon-img  porto-icon-9f5d1cfb45d27d96b50bf473aebba227\" style=\"font-size: 88px;\"><img loading=\"lazy\" decoding=\"async\" class=\"img-icon\" alt=\"\" src=\"https:\/\/wp.beranet.com\/wp-content\/uploads\/2025\/09\/is_guvenligi_uzmani-removebg-preview.webp\" width=\"500\" height=\"500\" \/><\/div><\/div><div class=\"porto-sicon-header\" style=\"margin-bottom:-1px;\"><h3 class=\"porto-sicon-title\" style=\"\">\u0130\u015e G\u00dcVENL\u0130\u011e\u0130 UZMANI<\/h3><\/div> <!-- header --><\/div><!-- porto-sicon-box --><\/a>[\/vc_column_inner][vc_column_inner width=&#8221;1\/2&#8243; offset=&#8221;vc_col-md-4&#8243;]<a class=\"porto-sicon-box-link\" href=\"\/index.php\/isyeri-hekimi-hizmeti\/\"><div class=\"porto-sicon-box  vc_custom_1762784245707 mb-0  wpb_custom_cd17d7ead6411ecc9aa7be10cbbcf570 style_2 default-icon\"><div class=\"porto-sicon-default\"><div class=\"porto-just-icon-wrapper porto-sicon-img  porto-icon-9f5d1cfb45d27d96b50bf473aebba227\" style=\"font-size: 88px;\"><img loading=\"lazy\" decoding=\"async\" class=\"img-icon\" alt=\"\" src=\"https:\/\/wp.beranet.com\/wp-content\/uploads\/2025\/09\/isyeri_hekimi-removebg-preview.webp\" width=\"500\" height=\"500\" \/><\/div><\/div><div class=\"porto-sicon-header\" style=\"margin-bottom:-1px;\"><h3 class=\"porto-sicon-title\" style=\"\">\u0130\u015eYER\u0130 HEK\u0130M\u0130<\/h3><\/div> <!-- header --><\/div><!-- porto-sicon-box --><\/a>[\/vc_column_inner][vc_column_inner width=&#8221;1\/2&#8243; offset=&#8221;vc_col-md-4&#8243;]<a class=\"porto-sicon-box-link\" href=\"\/index.php\/saglik-personeli-hizmetleri\/\"><div class=\"porto-sicon-box  vc_custom_1762784255265 mb-0  wpb_custom_cd17d7ead6411ecc9aa7be10cbbcf570 style_2 default-icon\"><div class=\"porto-sicon-default\"><div class=\"porto-just-icon-wrapper porto-sicon-img  porto-icon-9f5d1cfb45d27d96b50bf473aebba227\" style=\"font-size: 88px;\"><img loading=\"lazy\" decoding=\"async\" class=\"img-icon\" alt=\"\" src=\"https:\/\/wp.beranet.com\/wp-content\/uploads\/2025\/11\/saglik-personeli.webp\" width=\"1024\" height=\"1024\" \/><\/div><\/div><div class=\"porto-sicon-header\" style=\"margin-bottom:-1px;\"><h3 class=\"porto-sicon-title\" style=\"\">SA\u011eLIK PERSONEL\u0130<\/h3><\/div> <!-- header --><\/div><!-- porto-sicon-box --><\/a>[\/vc_column_inner][vc_column_inner width=&#8221;1\/2&#8243; offset=&#8221;vc_col-md-4&#8243;]<a class=\"porto-sicon-box-link\" href=\"https:\/\/yigitosgb.com\/index.php\/risk-degerlendirme-analizi\/\"><div class=\"porto-sicon-box  vc_custom_1762784317854 mb-0  wpb_custom_cd17d7ead6411ecc9aa7be10cbbcf570 style_2 default-icon\"><div class=\"porto-sicon-default\"><div class=\"porto-just-icon-wrapper porto-sicon-img  porto-icon-9f5d1cfb45d27d96b50bf473aebba227\" style=\"font-size: 88px;\"><img loading=\"lazy\" decoding=\"async\" class=\"img-icon\" alt=\"\" src=\"https:\/\/wp.beranet.com\/wp-content\/uploads\/2025\/09\/risk_degerlendirme_analizi-removebg-preview.webp\" width=\"500\" height=\"500\" \/><\/div><\/div><div class=\"porto-sicon-header\" style=\"margin-bottom:-1px;\"><h3 class=\"porto-sicon-title\" style=\"\">R\u0130SK DE\u011eERLEND\u0130RME ANAL\u0130Z\u0130<\/h3><\/div> <!-- header --><\/div><!-- porto-sicon-box --><\/a>[\/vc_column_inner][vc_column_inner width=&#8221;1\/6&#8243; offset=&#8221;vc_col-md-4&#8243; css_params=&#8221;&#8221;]<a class=\"porto-sicon-box-link\" href=\"https:\/\/yigitosgb.com\/index.php\/acil-durum-eylem-plani\/\"><div class=\"porto-sicon-box  vc_custom_1762784327289 mb-0  wpb_custom_cd17d7ead6411ecc9aa7be10cbbcf570 style_2 default-icon\"><div class=\"porto-sicon-default\"><div class=\"porto-just-icon-wrapper porto-sicon-img  porto-icon-9f5d1cfb45d27d96b50bf473aebba227\" style=\"font-size: 88px;\"><img loading=\"lazy\" decoding=\"async\" class=\"img-icon\" alt=\"\" src=\"https:\/\/wp.beranet.com\/wp-content\/uploads\/2025\/09\/acil_durum_eylem_plani-removebg-preview.webp\" width=\"500\" height=\"500\" \/><\/div><\/div><div class=\"porto-sicon-header\" style=\"margin-bottom:-1px;\"><h3 class=\"porto-sicon-title\" style=\"\">AC\u0130L DURUM EYLEM PLANI<\/h3><\/div> <!-- header --><\/div><!-- porto-sicon-box --><\/a>[\/vc_column_inner][vc_column_inner width=&#8221;1\/6&#8243; offset=&#8221;vc_col-md-4&#8243; css_params=&#8221;&#8221;]<a class=\"porto-sicon-box-link\" href=\"https:\/\/yigitosgb.com\/index.php\/patlamadan-korunma-dokumani\/\"><div class=\"porto-sicon-box  vc_custom_1762784336197 mb-0  wpb_custom_cd17d7ead6411ecc9aa7be10cbbcf570 style_2 default-icon\"><div class=\"porto-sicon-default\"><div class=\"porto-just-icon-wrapper porto-sicon-img  porto-icon-9f5d1cfb45d27d96b50bf473aebba227\" style=\"font-size: 88px;\"><img loading=\"lazy\" decoding=\"async\" class=\"img-icon\" alt=\"\" src=\"https:\/\/wp.beranet.com\/wp-content\/uploads\/2025\/09\/patlamadan_korunma_dokumani-removebg-preview.webp\" width=\"500\" height=\"500\" \/><\/div><\/div><div class=\"porto-sicon-header\" style=\"margin-bottom:-1px;\"><h3 class=\"porto-sicon-title\" style=\"\">PATLAMADAN KORUNMA DOK\u00dcMANI<\/h3><\/div> <!-- header --><\/div><!-- porto-sicon-box --><\/a>[\/vc_column_inner][vc_column_inner width=&#8221;1\/6&#8243; offset=&#8221;vc_col-md-4&#8243; css_params=&#8221;&#8221;][\/vc_column_inner][vc_column_inner offset=&#8221;vc_col-md-12&#8243; css_params=&#8221;&#8221;][\/vc_column_inner][vc_column_inner][vc_separator css=&#8221;&#8221; css_params=&#8221;&#8221;][vc_empty_space height=&#8221;16px&#8221; css_params=&#8221;&#8221;][vc_custom_heading text=&#8221;E\u011fitim Hizmetlerimiz&#8221; font_container=&#8221;tag:h2|text_align:center|line_height:42px&#8221; google_fonts=&#8221;font_family:Playfair%20Display%3Aregular%2Citalic%2C700%2C700italic%2C900%2C900italic|font_style:700%20bold%20regular%3A700%3Anormal&#8221; css=&#8221;.vc_custom_1762867926837{margin-bottom: 21px !important;}&#8221; font_weight=&#8221;700&#8243; css_params=&#8221;&#8221;][vc_empty_space height=&#8221;16px&#8221; css_params=&#8221;&#8221;][\/vc_column_inner][vc_column_inner width=&#8221;1\/3&#8243; offset=&#8221;vc_col-lg-4&#8243; css_params=&#8221;&#8221;]<a class=\"porto-sicon-box-link\" href=\"\/index.php\/isg-egitimleri\/\"><div class=\"porto-sicon-box  vc_custom_1762786373975 mb-0  wpb_custom_cd17d7ead6411ecc9aa7be10cbbcf570 style_2 default-icon\"><div class=\"porto-sicon-default\"><div class=\"porto-just-icon-wrapper porto-sicon-img  porto-icon-9f5d1cfb45d27d96b50bf473aebba227\" style=\"font-size: 88px;\"><img loading=\"lazy\" decoding=\"async\" class=\"img-icon\" alt=\"\" src=\"https:\/\/wp.beranet.com\/wp-content\/uploads\/2025\/09\/isg_egitimleri-removebg-preview.webp\" width=\"500\" height=\"500\" \/><\/div><\/div><div class=\"porto-sicon-header\" style=\"margin-bottom:-1px;\"><h3 class=\"porto-sicon-title\" style=\"\">\u0130SG E\u011e\u0130T\u0130MLER\u0130<\/h3><\/div> <!-- header --><\/div><!-- porto-sicon-box --><\/a>[\/vc_column_inner][vc_column_inner width=&#8221;1\/3&#8243; offset=&#8221;vc_col-md-4&#8243; css_params=&#8221;&#8221;]<a class=\"porto-sicon-box-link\" href=\"https:\/\/yigitosgb.com\/index.php\/mesleki-yeterlilik-egitimleri-2\/\"><div class=\"porto-sicon-box  vc_custom_1762786399896 mb-0  wpb_custom_cd17d7ead6411ecc9aa7be10cbbcf570 style_2 default-icon\"><div class=\"porto-sicon-default\"><div class=\"porto-just-icon-wrapper porto-sicon-img  porto-icon-9f5d1cfb45d27d96b50bf473aebba227\" style=\"font-size: 88px;\"><img loading=\"lazy\" decoding=\"async\" class=\"img-icon\" alt=\"\" src=\"https:\/\/wp.beranet.com\/wp-content\/uploads\/2025\/09\/mesleki_yeterlilik_egitimleri-removebg-preview.webp\" width=\"500\" height=\"500\" \/><\/div><\/div><div class=\"porto-sicon-header\" style=\"margin-bottom:-1px;\"><h3 class=\"porto-sicon-title\" style=\"\">MESLEK\u0130 YETERL\u0130L\u0130K E\u011e\u0130T\u0130MLER\u0130<\/h3><\/div> <!-- header --><\/div><!-- porto-sicon-box --><\/a>[\/vc_column_inner][vc_column_inner width=&#8221;1\/3&#8243; offset=&#8221;vc_col-md-4&#8243; css_params=&#8221;&#8221;]<a class=\"porto-sicon-box-link\" href=\"https:\/\/yigitosgb.com\/index.php\/yangin-ve-ilkyardim-egitimleri\/\"><div class=\"porto-sicon-box  vc_custom_1762786407823 mb-0  wpb_custom_cd17d7ead6411ecc9aa7be10cbbcf570 style_2 default-icon\"><div class=\"porto-sicon-default\"><div class=\"porto-just-icon-wrapper porto-sicon-img  porto-icon-9f5d1cfb45d27d96b50bf473aebba227\" style=\"font-size: 88px;\"><img loading=\"lazy\" decoding=\"async\" class=\"img-icon\" alt=\"\" src=\"https:\/\/wp.beranet.com\/wp-content\/uploads\/2025\/11\/YANGIN-VE-ILKYARDIM-EGITIMLERI.webp\" width=\"1024\" height=\"1024\" \/><\/div><\/div><div class=\"porto-sicon-header\" style=\"margin-bottom:-1px;\"><h3 class=\"porto-sicon-title\" style=\"\">YANGIN VE \u0130LKYARDIM E\u011e\u0130T\u0130MLER\u0130<\/h3><\/div> <!-- header --><\/div><!-- porto-sicon-box --><\/a>[\/vc_column_inner][vc_column_inner][vc_empty_space height=&#8221;16px&#8221; css_params=&#8221;&#8221;][\/vc_column_inner][\/vc_row_inner][\/vc_column][\/vc_row][vc_row full_width=&#8221;stretch_row&#8221; content_placement=&#8221;middle&#8221; animation_delay=&#8221;200&#8243; conditional_render=&#8221;%5B%7B%22value_role%22%3A%22administrator%22%7D%5D&#8221; css=&#8221;.vc_custom_1762868154325{padding-top: 35px !important;padding-bottom: 20px !important;background-color: var(&#8211;porto-primary-color) !important;}&#8221; animation_type=&#8221;fadeIn&#8221; css_params=&#8221;&#8221;][vc_column width=&#8221;1\/2&#8243; offset=&#8221;vc_col-md-7&#8243; conditional_render=&#8221;%5B%7B%22value_role%22%3A%22administrator%22%7D%5D&#8221;]<div class=\"porto-ultimate-content-box-container d-inline-block me-auto ms-lg-3 porto_ucb_e35a9346cd70594d63c013acc42ebe9d\"><div class=\"porto-ultimate-content-box vc_custom_1706222114346\" style=\"\">[vc_custom_heading text=&#8221;- Hizmetlerimiz hakk\u0131nda detayl\u0131 bilgi almak i\u00e7in&#8221; font_container=&#8221;tag:h2|font_size:1.76em|text_align:left|color:%23ffffff|line_height:1.2&#8243; google_fonts=&#8221;font_family:Playfair%20Display%3Aregular%2Citalic%2C700%2C700italic%2C900%2C900italic|font_style:400%20regular%3A400%3Anormal&#8221; css=&#8221;.vc_custom_1739821455787{margin-bottom: 2px !important;}&#8221; css_params=&#8221;&#8221;][vc_custom_heading text=&#8221;bizimle ileti\u015fime ge\u00e7iniz&#8221; font_container=&#8221;tag:h2|font_size:2.2em|text_align:left|color:%23ffffff|line_height:1.2&#8243; google_fonts=&#8221;font_family:Playfair%20Display%3Aregular%2Citalic%2C700%2C700italic%2C900%2C900italic|font_style:400%20regular%3A400%3Anormal&#8221; css=&#8221;.vc_custom_1739822331921{margin-bottom: 0px !important;}&#8221; css_params=&#8221;&#8221;]<\/div><\/div>[\/vc_column][vc_column width=&#8221;1\/2&#8243; el_class=&#8221;text-md-end&#8221; conditional_render=&#8221;%5B%7B%22value_role%22%3A%22administrator%22%7D%5D&#8221; offset=&#8221;vc_col-md-5&#8243; css=&#8221;.vc_custom_1706222120430{margin-bottom: 10px !important;}&#8221;]<div class=\"porto-ultimate-content-box-container d-inline-block me-3 me-md-0 porto_ucb_e35a9346cd70594d63c013acc42ebe9d\"><div class=\"porto-ultimate-content-box vc_custom_1706222396562\" style=\"\">[vc_column_text css=&#8221;.vc_custom_1757416229331{border-left-width: 2px !important;padding-right: 9px !important;padding-left: 10px !important;border-left-style: solid !important;border-color: #ffffff !important;}&#8221; el_class=&#8221;mb-0 text-start me-lg-3&#8243; css_params=&#8221;&#8221;]<strong><span class=\"text-color-light\">Bizi Aray\u0131n<\/span>:<\/strong> <a class=\"text-decoration-none\" style=\"line-height: 20px;\" href=\"tel:05395155743\"><span class=\"action-info d-block text-color-light\" style=\"font-size: 1.1rem; margin-top: 3px;\">+90 539 515 57 43\u00a0<\/span><\/a>[\/vc_column_text]<\/div><\/div><div class=\"porto-ultimate-content-box-container d-inline-block porto_ucb_e35a9346cd70594d63c013acc42ebe9d\"><div class=\"porto-ultimate-content-box vc_custom_1706222405176\" style=\"\">[vc_column_text css=&#8221;.vc_custom_1762867652458{border-left-width: 2px !important;padding-left: 9px !important;border-left-style: solid !important;border-color: #ffffff !important;}&#8221; el_class=&#8221;mb-0 text-start m-r-n-xs&#8221; css_params=&#8221;&#8221;]<strong><span class=\"text-color-light\">E-mail:<\/span>:<\/strong> <a class=\"text-decoration-none\" style=\"line-height: 20px;\" href=\"mailto:info@ekosistemgroup.com\"><span class=\"action-info d-block text-color-light\" style=\"font-size: 1.1rem; margin-top: 3px;\">info@ekosistemgroup.com<\/span><\/a>[\/vc_column_text]<\/div><\/div>[\/vc_column][\/vc_row][vc_row][vc_column][vc_custom_heading text=&#8221;Teklif Formu&#8221; font_container=&#8221;tag:h2|text_align:center|line_height:42px&#8221; google_fonts=&#8221;font_family:Playfair%20Display%3Aregular%2Citalic%2C700%2C700italic%2C900%2C900italic|font_style:700%20bold%20regular%3A700%3Anormal&#8221; css=&#8221;.vc_custom_1762868138612{margin-bottom: 16px !important;}&#8221; css_params=&#8221;&#8221;][\/vc_column][\/vc_row][vc_row wrap_container=&#8221;yes&#8221; content_placement=&#8221;middle&#8221; animation_delay=&#8221;200&#8243; conditional_render=&#8221;%5B%7B%22value_role%22%3A%22administrator%22%7D%5D&#8221; css=&#8221;.vc_custom_1762868071481{padding-top: 35px !important;padding-bottom: 20px !important;}&#8221; animation_type=&#8221;fadeIn&#8221; css_params=&#8221;&#8221;][vc_column width=&#8221;4\/5&#8243; offset=&#8221;vc_col-md-7&#8243; conditional_render=&#8221;%5B%7B%22value_role%22%3A%22administrator%22%7D%5D&#8221; css_params=&#8221;&#8221;]<div class=\"porto-ultimate-content-box-container d-inline-block me-auto ms-lg-3 porto_ucb_e35a9346cd70594d63c013acc42ebe9d\"><div class=\"porto-ultimate-content-box vc_custom_1706222114346\" style=\"\">\n<div class=\"wpcf7 no-js\" id=\"wpcf7-f1165-o1\" lang=\"tr-TR\" dir=\"ltr\" data-wpcf7-id=\"1165\">\n<div class=\"screen-reader-response\"><p role=\"status\" aria-live=\"polite\" aria-atomic=\"true\"><\/p> <ul><\/ul><\/div>\n<form action=\"\/index.php\/wp-json\/wp\/v2\/pages\/24810#wpcf7-f1165-o1\" method=\"post\" class=\"wpcf7-form init\" aria-label=\"\u0130leti\u015fim Formu\" novalidate=\"novalidate\" data-status=\"init\">\n<fieldset class=\"hidden-fields-container\"><input type=\"hidden\" name=\"_wpcf7\" value=\"1165\" \/><input type=\"hidden\" name=\"_wpcf7_version\" value=\"6.1.3\" \/><input type=\"hidden\" name=\"_wpcf7_locale\" value=\"tr_TR\" \/><input type=\"hidden\" name=\"_wpcf7_unit_tag\" value=\"wpcf7-f1165-o1\" \/><input type=\"hidden\" name=\"_wpcf7_container_post\" value=\"0\" \/><input type=\"hidden\" name=\"_wpcf7_posted_data_hash\" value=\"\" \/>\n<\/fieldset>\n<label><strong>Ad\u0131n\u0131z Soyad\u0131n\u0131z* <\/strong> <br>\n<span class=\"wpcf7-form-control-wrap\" data-name=\"name-surname\"><input size=\"40\" maxlength=\"400\" class=\"wpcf7-form-control wpcf7-text\" aria-invalid=\"false\" value=\"\" type=\"text\" name=\"name-surname\" \/><\/span> \n<\/label>\n\n<label><strong>Firma Ad\u0131* <\/strong><br>\n<span class=\"wpcf7-form-control-wrap\" data-name=\"company-name\"><input size=\"40\" maxlength=\"400\" class=\"wpcf7-form-control wpcf7-text\" aria-invalid=\"false\" value=\"\" type=\"text\" name=\"company-name\" \/><\/span> \n<\/label>\n\n<br><br>\n\n<label><strong>E-mail Adresiniz* <\/strong><br>\n<span class=\"wpcf7-form-control-wrap\" data-name=\"email-227\"><input size=\"40\" maxlength=\"400\" class=\"wpcf7-form-control wpcf7-email wpcf7-text wpcf7-validates-as-email\" aria-invalid=\"false\" value=\"\" type=\"email\" name=\"email-227\" \/><\/span>\n<\/label>\n\n<label><strong>Telefon Numaran\u0131z* <\/strong><br>\n<span class=\"wpcf7-form-control-wrap\" data-name=\"tel-76\"><input size=\"40\" maxlength=\"400\" class=\"wpcf7-form-control wpcf7-tel wpcf7-text wpcf7-validates-as-tel\" aria-invalid=\"false\" value=\"\" type=\"tel\" name=\"tel-76\" \/><\/span> \n<\/label>\n\n<br><br>\n\n<label><strong> Almak \u0130stedi\u011finiz Hizmet* <\/strong><br>\n<span class=\"wpcf7-form-control-wrap\" data-name=\"wishing-service\"><select class=\"wpcf7-form-control wpcf7-select wpcf7-validates-as-required\" aria-required=\"true\" aria-invalid=\"false\" name=\"wishing-service\"><option value=\"\">&#8212;L\u00fctfen bir se\u00e7enek se\u00e7in&#8212;<\/option><option value=\"\u0130\u015e G\u00dcVENL\u0130\u011e\u0130 UZMANI\">\u0130\u015e G\u00dcVENL\u0130\u011e\u0130 UZMANI<\/option><option value=\"\u0130\u015eYER\u0130 HEK\u0130M\u0130\">\u0130\u015eYER\u0130 HEK\u0130M\u0130<\/option><option value=\"SA\u011eLIK PERSONEL\u0130\">SA\u011eLIK PERSONEL\u0130<\/option><option value=\"\u0130SG E\u011e\u0130T\u0130MLER\u0130\">\u0130SG E\u011e\u0130T\u0130MLER\u0130<\/option><option value=\"MOB\u0130L SA\u011eLIK TARAMASI\">MOB\u0130L SA\u011eLIK TARAMASI<\/option><option value=\"\u0130\u015eE G\u0130R\u0130\u015e SA\u011eLIK RAPORU\">\u0130\u015eE G\u0130R\u0130\u015e SA\u011eLIK RAPORU<\/option><option value=\"R\u0130SK DE\u011eERLEND\u0130RME ANAL\u0130Z\u0130\">R\u0130SK DE\u011eERLEND\u0130RME ANAL\u0130Z\u0130<\/option><option value=\"PATLAMADAN KORUNMA DOK\u00dcMANI\">PATLAMADAN KORUNMA DOK\u00dcMANI<\/option><option value=\"E\u011e\u0130T\u0130M\/MESLEK\u0130 E\u011e\u0130T\u0130MLER\u0130\">E\u011e\u0130T\u0130M\/MESLEK\u0130 E\u011e\u0130T\u0130MLER\u0130<\/option><option value=\"BA\u011eIMSIZ \u0130SG DENET\u0130MLER\u0130\">BA\u011eIMSIZ \u0130SG DENET\u0130MLER\u0130<\/option><option value=\"\u0130\u015e HUKUKU DANI\u015eMANLI\u011eI\">\u0130\u015e HUKUKU DANI\u015eMANLI\u011eI<\/option><option value=\"MESLEK\u0130 YETERL\u0130L\u0130K E\u011e\u0130T\u0130MLER\u0130\">MESLEK\u0130 YETERL\u0130L\u0130K E\u011e\u0130T\u0130MLER\u0130<\/option><option value=\"YANGIN VE \u0130LKYARDIM E\u011e\u0130T\u0130MLER\u0130\">YANGIN VE \u0130LKYARDIM E\u011e\u0130T\u0130MLER\u0130<\/option><\/select><\/span>\n<\/label>\n\n<br><br>\n\n<input class=\"wpcf7-form-control wpcf7-submit has-spinner\" type=\"submit\" value=\"G\u00f6nder\" \/><div class=\"wpcf7-response-output\" aria-hidden=\"true\"><\/div>\n<\/form>\n<\/div>\n<\/div><\/div>[\/vc_column][vc_column width=&#8221;1\/5&#8243; el_class=&#8221;text-md-end&#8221; conditional_render=&#8221;%5B%7B%22value_role%22%3A%22administrator%22%7D%5D&#8221; offset=&#8221;vc_col-md-5&#8243; css=&#8221;.vc_custom_1739867839417{margin-bottom: 10px !important;}&#8221; css_params=&#8221;&#8221;]<div class=\"porto-ultimate-content-box-container d-inline-block me-3 me-md-0 porto_ucb_e35a9346cd70594d63c013acc42ebe9d\"><div class=\"porto-ultimate-content-box vc_custom_1706222396562\" style=\"\">[vc_single_image image=&#8221;24874&#8243; img_size=&#8221;full&#8221; css=&#8221;&#8221; css_params=&#8221;&#8221;]<\/div><\/div>[\/vc_column][\/vc_row]<\/p>\n<\/div>","protected":false},"excerpt":{"rendered":"<p>[vc_row wrap_container=&#8221;yes&#8221; text_align=&#8221;center&#8221; animation_delay=&#8221;200&#8243; el_class=&#8221;custom-info-box&#8221; css=&#8221;.vc_custom_1762868886081{padding-bottom: 57px !important;}&#8221; conditional_render=&#8221;%5B%7B%22value_role%22%3A%22administrator%22%7D%5D&#8221; animation_type=&#8221;fadeIn&#8221; css_params=&#8221;&#8221;][vc_column][vc_custom_heading text=&#8221;Hizmetlerimiz&#8221; font_container=&#8221;tag:h2|text_align:center|line_height:42px&#8221; google_fonts=&#8221;font_family:Playfair%20Display%3Aregular%2Citalic%2C700%2C700italic%2C900%2C900italic|font_style:400%20regular%3A400%3Anormal&#8221; css=&#8221;.vc_custom_1762867902625{margin-bottom: 21px !important;}&#8221; font_weight=&#8221;700&#8243; css_params=&#8221;&#8221;][vc_row_inner][vc_column_inner width=&#8221;1\/2&#8243;][\/vc_column_inner][vc_column_inner width=&#8221;1\/2&#8243;][\/vc_column_inner][\/vc_row_inner][vc_row_inner][vc_column_inner][\/vc_column_inner][vc_column_inner][vc_separator css=&#8221;&#8221; css_params=&#8221;&#8221;][vc_empty_space height=&#8221;16px&#8221; css_params=&#8221;&#8221;][\/vc_column_inner][\/vc_row_inner][vc_custom_heading text=&#8221;Di\u011fer Hizmetlerimiz&#8221; font_container=&#8221;tag:h2|text_align:center|line_height:42px&#8221; google_fonts=&#8221;font_family:Playfair%20Display%3Aregular%2Citalic%2C700%2C700italic%2C900%2C900italic|font_style:700%20bold%20regular%3A700%3Anormal&#8221; css=&#8221;.vc_custom_1762867916089{margin-bottom: 21px !important;}&#8221; font_weight=&#8221;700&#8243; css_params=&#8221;&#8221;][vc_row_inner][vc_column_inner width=&#8221;1\/4&#8243; offset=&#8221;vc_col-md-4&#8243; css_params=&#8221;&#8221;][\/vc_column_inner][vc_column_inner width=&#8221;1\/2&#8243; offset=&#8221;vc_col-md-4&#8243;][\/vc_column_inner][vc_column_inner width=&#8221;1\/2&#8243; offset=&#8221;vc_col-md-4&#8243;][\/vc_column_inner][vc_column_inner width=&#8221;1\/2&#8243; offset=&#8221;vc_col-md-4&#8243;][\/vc_column_inner][vc_column_inner width=&#8221;1\/6&#8243; offset=&#8221;vc_col-md-4&#8243; css_params=&#8221;&#8221;][\/vc_column_inner][vc_column_inner width=&#8221;1\/6&#8243; offset=&#8221;vc_col-md-4&#8243; css_params=&#8221;&#8221;][\/vc_column_inner][vc_column_inner width=&#8221;1\/6&#8243; offset=&#8221;vc_col-md-4&#8243; css_params=&#8221;&#8221;][\/vc_column_inner][vc_column_inner offset=&#8221;vc_col-md-12&#8243; css_params=&#8221;&#8221;][\/vc_column_inner][vc_column_inner][vc_separator css=&#8221;&#8221; [&hellip;]<\/p>\n","protected":false},"author":1,"featured_media":0,"parent":0,"menu_order":0,"comment_status":"closed","ping_status":"closed","template":"","meta":{"footnotes":""},"class_list":["post-24810","page","type-page","status-publish","hentry"],"_links":{"self":[{"href":"https:\/\/wp.beranet.com\/index.php\/wp-json\/wp\/v2\/pages\/24810","targetHints":{"allow":["GET"]}}],"collection":[{"href":"https:\/\/wp.beranet.com\/index.php\/wp-json\/wp\/v2\/pages"}],"about":[{"href":"https:\/\/wp.beranet.com\/index.php\/wp-json\/wp\/v2\/types\/page"}],"author":[{"embeddable":true,"href":"https:\/\/wp.beranet.com\/index.php\/wp-json\/wp\/v2\/users\/1"}],"replies":[{"embeddable":true,"href":"https:\/\/wp.beranet.com\/index.php\/wp-json\/wp\/v2\/comments?post=24810"}],"version-history":[{"count":17,"href":"https:\/\/wp.beranet.com\/index.php\/wp-json\/wp\/v2\/pages\/24810\/revisions"}],"predecessor-version":[{"id":25018,"href":"https:\/\/wp.beranet.com\/index.php\/wp-json\/wp\/v2\/pages\/24810\/revisions\/25018"}],"wp:attachment":[{"href":"https:\/\/wp.beranet.com\/index.php\/wp-json\/wp\/v2\/media?parent=24810"}],"curies":[{"name":"wp","href":"https:\/\/api.w.org\/{rel}","templated":true}]}}