{"id":24808,"date":"2025-09-09T17:14:16","date_gmt":"2025-09-09T14:14:16","guid":{"rendered":"https:\/\/yigitosgb.com\/?page_id=24808"},"modified":"2025-11-11T17:05:28","modified_gmt":"2025-11-11T14:05:28","slug":"kurumsal","status":"publish","type":"page","link":"https:\/\/wp.beranet.com\/index.php\/kurumsal\/","title":{"rendered":"Kurumsal"},"content":{"rendered":"<div class=\"wpb-content-wrapper\"><p>[vc_row content_placement=&#8221;middle&#8221; height=&#8221;auto&#8221; bg_type=&#8221;bg_color&#8221; bg_color_value=&#8221;#efefef&#8221; css=&#8221;.vc_custom_1496606800428{padding-top: -50px !important;padding-bottom: -50px !important;}&#8221;][vc_column][vc_empty_space height=&#8221;20px&#8221;][vc_column_text]<strong>Y\u0130\u011e\u0130T OSGB <\/strong>(Ortak Sa\u011fl\u0131k G\u00fcvenlik Birimi) olarak 6331 Say\u0131l\u0131 \u0130\u015f Sa\u011fl\u0131\u011f\u0131 ve G\u00fcvenli\u011fi Kanunu ve ilgili y\u00f6netmelikler,\u00a0 uluslararas\u0131 standartlar ve 10 y\u0131l\u0131 a\u015fk\u0131n mesleki tecr\u00fcbesiyle \u00a0\u0130stanbul ba\u015fta olmak \u00fczere, Marmara b\u00f6lgesindeki pek \u00e7ok \u015fehirlerde Ortak Sa\u011fl\u0131k G\u00fcvenlik Birimi hizmeti kapsam\u0131ndaki;[\/vc_column_text][vc_empty_space height=&#8221;0px&#8221;][\/vc_column][\/vc_row][vc_row height=&#8221;auto&#8221; css=&#8221;.vc_custom_1495988000222{margin-top: 0px !important;}&#8221;][vc_column][vc_empty_space height=&#8221;20px&#8221;][vc_column_text]<\/p>\n<div class=\"wpb_text_column \">\n<div class=\"wpb_wrapper\">\n<ul>\n<li>\u0130\u015f G\u00fcvenli\u011fi Uzman\u0131<\/li>\n<li>\u0130\u015fyeri Hekimi<\/li>\n<li>Di\u011fer Sa\u011fl\u0131k Peroneli<\/li>\n<li>\u0130SG E\u011fitimleri<\/li>\n<li>Risk De\u011ferlendirme Analizi<\/li>\n<li>Acil Durum Eylem Plan\u0131<\/li>\n<li>Patlamadan Korunma Dok\u00fcman\u0131<\/li>\n<li>Ba\u011f\u0131m\u0131s\u0131z \u0130SG Denetimi<\/li>\n<li>\u0130\u015f Hukuku Dan\u0131\u015fmanl\u0131\u011f\u0131<\/li>\n<\/ul>\n<p>Alanlarda nitelikli ve\u00a0<strong>Entegre Hizmet Anlay\u0131\u015f\u0131<\/strong>\u00a0ile \u00e7\u00f6z\u00fcmler \u00fcretmekteyiz.<\/p>\n<p>Kurulu\u015fumuzun en \u00f6nemli amac\u0131 ise, ba\u015fta hizmet sundu\u011fumuz i\u015fyerlerinde i\u015f sa\u011fl\u0131\u011f\u0131 ve g\u00fcvenli\u011fi k\u00fclt\u00fcr\u00fcn\u00fc geli\u015ftirmek, saha uygulamalar\u0131 ve yasal mevzuat kapsam\u0131nda i\u015fyerlerinin \u00a0gerekli dok\u00fcmantasyonlar\u0131n\u0131n sa\u011flanmas\u0131nda \u00f6ncelikli ve nicel tespitleri ortaya koyarak, risklerinizi ortadan kald\u0131rmaya kald\u0131r\u0131lamad\u0131\u011f\u0131 durumlarda en aza indirmeye yard\u0131mc\u0131 olmakt\u0131r.<\/p>\n<p>Sekt\u00f6r\u00fcn\u00fcz, buna ba\u011fl\u0131 tehlike s\u0131n\u0131f\u0131n\u0131z, \u00e7al\u0131\u015fan say\u0131n\u0131z ne olursa olsun end\u00fcstrinin t\u00fcm dallar\u0131nda faaliyet g\u00f6sterebilecek meslek dallar\u0131n\u0131 bar\u0131nd\u0131ran geni\u015f tabana yay\u0131l\u0131 \u0130\u015f G\u00fcvenli\u011fi Uzman\u0131, \u0130\u015fyeri Hekimi ve Di\u011fer Sa\u011fl\u0131k Personeli kadromuz ile sizlerin\u00a0<strong>O<\/strong>rtak\u00a0<strong>S<\/strong>a\u011fl\u0131k\u00a0<strong>G<\/strong>\u00fcvenlik\u00a0<strong>B<\/strong>iriminiz olmaktan gurur duyar\u0131z.<\/div>\n<\/div>\n<p>[\/vc_column_text][vc_empty_space height=&#8221;10px&#8221;][\/vc_column][\/vc_row]<\/p>\n<\/div>","protected":false},"excerpt":{"rendered":"<p>[vc_row content_placement=&#8221;middle&#8221; height=&#8221;auto&#8221; bg_type=&#8221;bg_color&#8221; bg_color_value=&#8221;#efefef&#8221; css=&#8221;.vc_custom_1496606800428{padding-top: -50px !important;padding-bottom: -50px !important;}&#8221;][vc_column][vc_empty_space height=&#8221;20px&#8221;][vc_column_text]Y\u0130\u011e\u0130T OSGB (Ortak Sa\u011fl\u0131k G\u00fcvenlik Birimi) olarak 6331 Say\u0131l\u0131 \u0130\u015f Sa\u011fl\u0131\u011f\u0131 ve G\u00fcvenli\u011fi Kanunu ve ilgili y\u00f6netmelikler,\u00a0 uluslararas\u0131 standartlar ve 10 y\u0131l\u0131 a\u015fk\u0131n mesleki tecr\u00fcbesiyle \u00a0\u0130stanbul ba\u015fta olmak \u00fczere, Marmara b\u00f6lgesindeki pek \u00e7ok \u015fehirlerde Ortak Sa\u011fl\u0131k G\u00fcvenlik Birimi hizmeti kapsam\u0131ndaki;[\/vc_column_text][vc_empty_space height=&#8221;0px&#8221;][\/vc_column][\/vc_row][vc_row height=&#8221;auto&#8221; css=&#8221;.vc_custom_1495988000222{margin-top: 0px !important;}&#8221;][vc_column][vc_empty_space [&hellip;]<\/p>\n","protected":false},"author":1,"featured_media":0,"parent":0,"menu_order":0,"comment_status":"closed","ping_status":"closed","template":"","meta":{"footnotes":""},"class_list":["post-24808","page","type-page","status-publish","hentry"],"_links":{"self":[{"href":"https:\/\/wp.beranet.com\/index.php\/wp-json\/wp\/v2\/pages\/24808","targetHints":{"allow":["GET"]}}],"collection":[{"href":"https:\/\/wp.beranet.com\/index.php\/wp-json\/wp\/v2\/pages"}],"about":[{"href":"https:\/\/wp.beranet.com\/index.php\/wp-json\/wp\/v2\/types\/page"}],"author":[{"embeddable":true,"href":"https:\/\/wp.beranet.com\/index.php\/wp-json\/wp\/v2\/users\/1"}],"replies":[{"embeddable":true,"href":"https:\/\/wp.beranet.com\/index.php\/wp-json\/wp\/v2\/comments?post=24808"}],"version-history":[{"count":2,"href":"https:\/\/wp.beranet.com\/index.php\/wp-json\/wp\/v2\/pages\/24808\/revisions"}],"predecessor-version":[{"id":25021,"href":"https:\/\/wp.beranet.com\/index.php\/wp-json\/wp\/v2\/pages\/24808\/revisions\/25021"}],"wp:attachment":[{"href":"https:\/\/wp.beranet.com\/index.php\/wp-json\/wp\/v2\/media?parent=24808"}],"curies":[{"name":"wp","href":"https:\/\/api.w.org\/{rel}","templated":true}]}}