{"id":24800,"date":"2025-09-09T16:53:57","date_gmt":"2025-09-09T13:53:57","guid":{"rendered":"https:\/\/yigitosgb.com\/?page_id=24800"},"modified":"2025-09-22T13:55:41","modified_gmt":"2025-09-22T10:55:41","slug":"yangin-ve-ilkyardim-egitimleri","status":"publish","type":"page","link":"https:\/\/wp.beranet.com\/index.php\/yangin-ve-ilkyardim-egitimleri\/","title":{"rendered":"Yang\u0131n ve \u0130lkyard\u0131m E\u011fitimleri"},"content":{"rendered":"<div class=\"wpb-content-wrapper\"><p>[vc_row height=&#8221;auto&#8221; css=&#8221;.vc_custom_1496595329737{margin-top: -100px !important;}&#8221;][vc_column][vc_empty_space height=&#8221;100&#8243;][vc_custom_heading text=&#8221;YANGIN VE \u0130LKYARDIM E\u011e\u0130T\u0130M\u0130&#8221; font_container=&#8221;tag:h3|text_align:left&#8221; google_fonts=&#8221;font_family:Anton%3Aregular|font_style:400%20regular%3A400%3Anormal&#8221;][\/vc_column][\/vc_row][vc_row content_placement=&#8221;middle&#8221; height=&#8221;auto&#8221; bg_type=&#8221;bg_color&#8221; bg_color_value=&#8221;#efefef&#8221; css=&#8221;.vc_custom_1496606800428{padding-top: -50px !important;padding-bottom: -50px !important;}&#8221;][vc_column][vc_empty_space height=&#8221;20px&#8221;][vc_column_text]<strong>\u00c7ALI\u015eANLARA TEMEL YANGIN E\u011e\u0130T\u0130M\u0130<\/strong><\/p>\n<p>19 Aral\u0131k 2007 tarihli ve 26735 say\u0131l\u0131 resmi gazetede yay\u0131nlanan Bay\u0131nd\u0131rl\u0131k ve \u0130sk\u00e2n Bakanl\u0131\u011f\u0131n\u0131n haz\u0131rlad\u0131\u011f\u0131 \u201cBinalar\u0131n Yang\u0131ndan Korunmas\u0131 Hakk\u0131nda Y\u00f6netmelik\u201d gere\u011fi i\u015fletmelerin yang\u0131n e\u011fitimi ald\u0131rma ve tatbikat yapt\u0131rma zorunlulu\u011fu vard\u0131r.[\/vc_column_text][vc_empty_space height=&#8221;0px&#8221;][\/vc_column][\/vc_row][vc_row height=&#8221;auto&#8221; css=&#8221;.vc_custom_1495988000222{margin-top: 0px !important;}&#8221;][vc_column][vc_empty_space height=&#8221;20px&#8221;][vc_column_text]<\/p>\n<h4><strong>TEMEL YANGIN E\u011e\u0130T\u0130M\u0130\u00a0AMA\u00c7<\/strong><\/h4>\n<p>\u00c7al\u0131\u015fanlar\u0131n, yanma ve yang\u0131n konusunda bilgilenmeleri, yang\u0131na ba\u015flang\u0131\u00e7 an\u0131nda m\u00fcdahale edebilmek i\u00e7in gerekli olan m\u00fcdahale ekipmanlar\u0131n\u0131 tan\u0131yarak, do\u011fru y\u00f6ntem ile kullanabilmelerinin sa\u011flanmas\u0131d\u0131r.<\/p>\n<p><strong>E\u011fitimi Kimler Almal\u0131<\/strong><br \/>\nT\u00fcm \u00e7al\u0131\u015fanlar<\/p>\n<p><strong>S\u00fcre<\/strong><br \/>\n2 veya 4 saat<\/p>\n<p><strong>E\u011fitim yeri\u00a0<\/strong><br \/>\n\u0130\u015fletmelerin kendi e\u011fitim salonlar\u0131<\/p>\n<p><strong>Verilecek Sertifika<\/strong><br \/>\nE\u011fitime kat\u0131lanlara e\u011fitim merkezimizce d\u00fczenlenen Temel Yang\u0131n E\u011fitimi sertifikas\u0131 verilmektedir.<\/p>\n<p><strong>E\u011fitimci Profili<\/strong><br \/>\nE\u011fitim Yang\u0131n Uzmanlar\u0131 taraf\u0131ndan verilmektedir.<\/p>\n<p><strong>Kapsam<\/strong><br \/>\n-Yanman\u0131n olu\u015fumu ve yang\u0131n<br \/>\n-Yang\u0131n ve insan sa\u011fl\u0131\u011f\u0131<br \/>\n-Yang\u0131n\u0131n safhalar\u0131<br \/>\n-Yang\u0131n m\u00fccadele y\u00f6ntemleri<br \/>\n-Tesislerde yang\u0131n organizasyonlar\u0131<br \/>\n-Yang\u0131n ve sonraki ortam tehlikeleri<br \/>\n-Tesislerdeki yang\u0131n riskleri<br \/>\n-Yang\u0131n an\u0131nda tahliye<br \/>\n-Yang\u0131n s\u00f6nd\u00fcr\u00fcc\u00fc maddeler<br \/>\n-Yang\u0131nda ilk yard\u0131m uygulamas\u0131<br \/>\n-Yang\u0131n s\u00f6nd\u00fcr\u00fcc\u00fc maddeler<br \/>\n-Yang\u0131nda ilk yard\u0131m uygulamas\u0131<br \/>\n-Yang\u0131n s\u00f6nd\u00fcrme cihazlar\u0131 ve kullanma teknikleri<br \/>\n-Yang\u0131nla m\u00fccadelede personel koruyucu donan\u0131mlar<br \/>\n-Yang\u0131nda insan davran\u0131\u015f\u0131<br \/>\n-LPG yang\u0131nlar\u0131na m\u00fcdahale uygulamalar\u0131[\/vc_column_text][vc_empty_space height=&#8221;10px&#8221;][\/vc_column][\/vc_row][vc_row content_placement=&#8221;middle&#8221; height=&#8221;auto&#8221; bg_type=&#8221;bg_color&#8221; bg_color_value=&#8221;#efefef&#8221; css=&#8221;.vc_custom_1496606800428{padding-top: -50px !important;padding-bottom: -50px !important;}&#8221;][vc_column][vc_empty_space height=&#8221;20px&#8221;][vc_column_text css=&#8221;&#8221; css_params=&#8221;&#8221;]<strong>TEMEL \u0130LKYARDIM E\u011e\u0130T\u0130M\u0130<\/strong><\/p>\n<p><strong>\u0130lkyard\u0131m<\/strong>, herhangi bir kaza ya da ya\u015fam\u0131 tehlikeye d\u00fc\u015f\u00fcren bir durumda, sa\u011fl\u0131k g\u00f6revlilerinin t\u0131bbi yard\u0131m\u0131 sa\u011flan\u0131ncaya kadar, hayat\u0131n kurtar\u0131lmas\u0131 ya da durumun daha k\u00f6t\u00fcye gitmesini \u00f6nlemek amac\u0131yla olay yerinde, t\u0131bbi ara\u00e7 gere\u00e7 aranmaks\u0131z\u0131n mevcut ara\u00e7 ve gere\u00e7lerle yap\u0131lan ila\u00e7s\u0131z uygulamalard\u0131r.<\/p>\n<p>Temel \u0130lkyard\u0131m E\u011fitimi, ilkyard\u0131m Y\u00f6netmeli\u011finin 16. Maddesine istinaden;<\/p>\n<ul>\n<li>\u00c7ok tehlikeli i\u015f yerlerinde her 10 \u00e7al\u0131\u015fana kadar 1<\/li>\n<li>Tehlikeli i\u015fyerlerinde her 15 \u00e7al\u0131\u015fana kadar 1<\/li>\n<li>Az tehlikeli i\u015fyerlerinde ise her 20 \u00e7al\u0131\u015fan i\u00e7in 1 \u201cTemel \u0130lkyard\u0131m<\/li>\n<li>E\u011fitimi\u201d sertifikas\u0131 alm\u0131\u015f \u201c<strong>\u0130lkyard\u0131mc\u0131n\u0131n bulundurulmas\u0131 zorunludur.<\/strong>\u201d<\/li>\n<\/ul>\n<p>[\/vc_column_text][vc_empty_space height=&#8221;20PX&#8221;][\/vc_column][\/vc_row][vc_row height=&#8221;auto&#8221; css=&#8221;.vc_custom_1495988000222{margin-top: 0px !important;}&#8221;][vc_column][vc_empty_space height=&#8221;20px&#8221;][vc_column_text]<\/p>\n<h4><strong>Temel \u0130lkyard\u0131m E\u011fitiminin Amac\u0131<\/strong><\/h4>\n<p>Acil bir durum kar\u015f\u0131s\u0131nda profesyonel ekipler gelene kadar, ama\u00e7s\u0131z \u00e7\u00f6z\u00fcmlerden ve yanl\u0131\u015f m\u00fcdahalelerden ka\u00e7\u0131narak hasta\/yaral\u0131ya \u00e7abuk, etkili ve en uygun m\u00fcdahaleyi yapmak i\u00e7in gerekli bilgi ve beceriyi kazanmakt\u0131r.<\/p>\n<h4><strong>Temel \u0130lkyard\u0131m E\u011fitimi \u00d6nemi<\/strong><\/h4>\n<p>Ya\u015fad\u0131\u011f\u0131m\u0131z s\u00fcrece \u00e7e\u015fitli nedenlerle yaralanmalar veya hastal\u0131klarla kar\u015f\u0131la\u015fmam\u0131z ka\u00e7\u0131n\u0131lmazd\u0131r. Ya\u015fam\u0131m\u0131z\u0131n \u00e7e\u015fitli d\u00f6nemlerinde, bulundu\u011fumuz her ortamda kaza ve hastalanma riski ta\u015f\u0131maktay\u0131z. Bu gibi durumlarla kar\u015f\u0131la\u015ft\u0131\u011f\u0131m\u0131zda, m\u00fcdahalede bulunanlar\u0131n ilkyard\u0131m e\u011fitimi alm\u0131\u015f olmalar\u0131, ya\u015fam\u0131n s\u00fcrd\u00fcr\u00fclmesinde, sakatlanmalar\u0131n \u00f6nlenmesinde ve iyile\u015fme s\u00fcrecinin k\u0131salt\u0131lmas\u0131nda belirleyici rol oynayacakt\u0131r. \u00dclkemizde ev, i\u015f ya da trafik kazalar\u0131 ve do\u011fal afetler nedeni ile \u00e7ok say\u0131da vatanda\u015f\u0131m\u0131z ya\u015fam\u0131n\u0131 kaybetmekte ya da sakat kalmaktad\u0131r. Bu gibi durumlarda olay yerinde her zaman bir sa\u011fl\u0131k g\u00f6revlisi olamayaca\u011f\u0131 i\u00e7in olaydan etkilenen ya da ortamda bulunan ki\u015filerin kendilerine ya da ba\u015fkalar\u0131na yapacaklar\u0131 ilkyard\u0131m uygulamalar\u0131 son derece \u00f6nemlidir. Toplumumuzda genel bir anlay\u0131\u015f olarak, ilkyard\u0131m ile acil yard\u0131m ifadeleri birbirlerinin yerine kullan\u0131lmaktad\u0131r. Oysa acil yard\u0131m, sa\u011fl\u0131k \u00e7al\u0131\u015fanlar\u0131 taraf\u0131ndan gerekli donan\u0131mla yap\u0131lan t\u0131bbi m\u00fcdahaleleri kapsamas\u0131na ra\u011fmen; ilkyard\u0131m, bu konuda e\u011fitim alm\u0131\u015f ki\u015filerce olay yerinde bulunan malzemelerle ila\u00e7s\u0131z olarak yap\u0131lan, uygulamalard\u0131r. Ancak ilkyard\u0131m e\u011fitimi almam\u0131\u015f ki\u015filerin, ilkyard\u0131m uygulamalar\u0131nda bulunmalar\u0131 sak\u0131ncal\u0131 sonu\u00e7lar do\u011furabilir. Bu nedenle ilkyard\u0131m uygulayacak olan ki\u015filerin, mutlaka ilkyard\u0131m e\u011fitimi alm\u0131\u015f olmalar\u0131, \u00f6ncelikli ama\u00e7lar\u0131n\u0131n ki\u015filere zarar vermemek oldu\u011funu bilmeleri ve hayati tehlike olu\u015fturabilecek m\u00fcdahalelerde bulunmamalar\u0131 son derece \u00f6nemlidir.<\/p>\n<p>Bu ama\u00e7larla, Sa\u011fl\u0131k Bakanl\u0131\u011f\u0131 taraf\u0131ndan 22 May\u0131s 2002 tarih ve 24762 say\u0131l\u0131 Resmi Gazete \u2019de \u0130lkyard\u0131m Y\u00f6netmeli\u011fi yay\u0131mlanm\u0131\u015ft\u0131r. Bu y\u00f6netmelik \u00e7er\u00e7evesinde, ilkyard\u0131m e\u011fitimi alm\u0131\u015f sertifikal\u0131 ilkyard\u0131mc\u0131lar\u0131n say\u0131lar\u0131n\u0131n ve niteliklerinin artmas\u0131na ve toplumumuzun ilkyard\u0131m konusunda bilin\u00e7lendirilmesine katk\u0131 sa\u011flanmas\u0131 ama\u00e7lanmaktad\u0131r.[\/vc_column_text][vc_empty_space height=&#8221;10px&#8221;][\/vc_column][\/vc_row]<\/p>\n<\/div>","protected":false},"excerpt":{"rendered":"<p>[vc_row height=&#8221;auto&#8221; css=&#8221;.vc_custom_1496595329737{margin-top: -100px !important;}&#8221;][vc_column][vc_empty_space height=&#8221;100&#8243;][vc_custom_heading text=&#8221;YANGIN VE \u0130LKYARDIM E\u011e\u0130T\u0130M\u0130&#8221; font_container=&#8221;tag:h3|text_align:left&#8221; google_fonts=&#8221;font_family:Anton%3Aregular|font_style:400%20regular%3A400%3Anormal&#8221;][\/vc_column][\/vc_row][vc_row content_placement=&#8221;middle&#8221; height=&#8221;auto&#8221; bg_type=&#8221;bg_color&#8221; bg_color_value=&#8221;#efefef&#8221; css=&#8221;.vc_custom_1496606800428{padding-top: -50px !important;padding-bottom: -50px !important;}&#8221;][vc_column][vc_empty_space height=&#8221;20px&#8221;][vc_column_text]\u00c7ALI\u015eANLARA TEMEL YANGIN E\u011e\u0130T\u0130M\u0130 19 Aral\u0131k 2007 tarihli ve 26735 say\u0131l\u0131 resmi gazetede yay\u0131nlanan Bay\u0131nd\u0131rl\u0131k ve \u0130sk\u00e2n Bakanl\u0131\u011f\u0131n\u0131n haz\u0131rlad\u0131\u011f\u0131 \u201cBinalar\u0131n Yang\u0131ndan Korunmas\u0131 Hakk\u0131nda Y\u00f6netmelik\u201d gere\u011fi i\u015fletmelerin yang\u0131n e\u011fitimi ald\u0131rma ve tatbikat yapt\u0131rma zorunlulu\u011fu vard\u0131r.[\/vc_column_text][vc_empty_space [&hellip;]<\/p>\n","protected":false},"author":1,"featured_media":0,"parent":0,"menu_order":0,"comment_status":"closed","ping_status":"closed","template":"","meta":{"footnotes":""},"class_list":["post-24800","page","type-page","status-publish","hentry"],"_links":{"self":[{"href":"https:\/\/wp.beranet.com\/index.php\/wp-json\/wp\/v2\/pages\/24800","targetHints":{"allow":["GET"]}}],"collection":[{"href":"https:\/\/wp.beranet.com\/index.php\/wp-json\/wp\/v2\/pages"}],"about":[{"href":"https:\/\/wp.beranet.com\/index.php\/wp-json\/wp\/v2\/types\/page"}],"author":[{"embeddable":true,"href":"https:\/\/wp.beranet.com\/index.php\/wp-json\/wp\/v2\/users\/1"}],"replies":[{"embeddable":true,"href":"https:\/\/wp.beranet.com\/index.php\/wp-json\/wp\/v2\/comments?post=24800"}],"version-history":[{"count":5,"href":"https:\/\/wp.beranet.com\/index.php\/wp-json\/wp\/v2\/pages\/24800\/revisions"}],"predecessor-version":[{"id":24805,"href":"https:\/\/wp.beranet.com\/index.php\/wp-json\/wp\/v2\/pages\/24800\/revisions\/24805"}],"wp:attachment":[{"href":"https:\/\/wp.beranet.com\/index.php\/wp-json\/wp\/v2\/media?parent=24800"}],"curies":[{"name":"wp","href":"https:\/\/api.w.org\/{rel}","templated":true}]}}