{"id":24796,"date":"2025-09-09T16:42:55","date_gmt":"2025-09-09T13:42:55","guid":{"rendered":"https:\/\/yigitosgb.com\/?page_id=24796"},"modified":"2025-09-22T13:54:54","modified_gmt":"2025-09-22T10:54:54","slug":"is-hukuku-danismanligi","status":"publish","type":"page","link":"https:\/\/wp.beranet.com\/index.php\/is-hukuku-danismanligi\/","title":{"rendered":"\u0130\u015e HUKUKU DANI\u015eMANLI\u011eI"},"content":{"rendered":"<div class=\"wpb-content-wrapper\"><p>[vc_row height=&#8221;auto&#8221; css=&#8221;.vc_custom_1496595329737{margin-top: -100px !important;}&#8221;][vc_column][vc_empty_space height=&#8221;100&#8243;][vc_custom_heading text=&#8221;\u0130\u015e HUKUKU DANI\u015eMANLI\u011eI&#8221; font_container=&#8221;tag:h3|text_align:left&#8221; google_fonts=&#8221;font_family:Anton%3Aregular|font_style:400%20regular%3A400%3Anormal&#8221;][\/vc_column][\/vc_row][vc_row content_placement=&#8221;middle&#8221; height=&#8221;auto&#8221; bg_type=&#8221;bg_color&#8221; bg_color_value=&#8221;#efefef&#8221; css=&#8221;.vc_custom_1496606800428{padding-top: -50px !important;padding-bottom: -50px !important;}&#8221;][vc_column][vc_empty_space height=&#8221;20px&#8221;][vc_column_text]<strong>Y\u0130\u011e\u0130T OSGB<\/strong> \u0130\u015f Hukuku Avukatlar\u0131, \u00e7al\u0131\u015fanlar\u0131n haks\u0131z talepleri\u00a0 ile a\u00e7\u0131lmas\u0131 muhtemel veya a\u00e7\u0131lm\u0131\u015f i\u015f davalar\u0131ndaki ma\u011fduriyetinizi \u00f6nlemeye y\u00f6nelik \u00e7al\u0131\u015fmalar\u0131yla g\u00fcvenilir \u00e7\u00f6z\u00fcm orta\u011f\u0131n\u0131z olacaklard\u0131r.[\/vc_column_text][vc_empty_space height=&#8221;0px&#8221;][\/vc_column][\/vc_row]<\/p>\n<\/div>","protected":false},"excerpt":{"rendered":"<p>[vc_row height=&#8221;auto&#8221; css=&#8221;.vc_custom_1496595329737{margin-top: -100px !important;}&#8221;][vc_column][vc_empty_space height=&#8221;100&#8243;][vc_custom_heading text=&#8221;\u0130\u015e HUKUKU DANI\u015eMANLI\u011eI&#8221; font_container=&#8221;tag:h3|text_align:left&#8221; google_fonts=&#8221;font_family:Anton%3Aregular|font_style:400%20regular%3A400%3Anormal&#8221;][\/vc_column][\/vc_row][vc_row content_placement=&#8221;middle&#8221; height=&#8221;auto&#8221; bg_type=&#8221;bg_color&#8221; bg_color_value=&#8221;#efefef&#8221; css=&#8221;.vc_custom_1496606800428{padding-top: -50px !important;padding-bottom: -50px !important;}&#8221;][vc_column][vc_empty_space height=&#8221;20px&#8221;][vc_column_text]Y\u0130\u011e\u0130T OSGB \u0130\u015f Hukuku Avukatlar\u0131, \u00e7al\u0131\u015fanlar\u0131n haks\u0131z talepleri\u00a0 ile a\u00e7\u0131lmas\u0131 muhtemel veya a\u00e7\u0131lm\u0131\u015f i\u015f davalar\u0131ndaki ma\u011fduriyetinizi \u00f6nlemeye y\u00f6nelik \u00e7al\u0131\u015fmalar\u0131yla g\u00fcvenilir \u00e7\u00f6z\u00fcm orta\u011f\u0131n\u0131z olacaklard\u0131r.[\/vc_column_text][vc_empty_space height=&#8221;0px&#8221;][\/vc_column][\/vc_row]<\/p>\n","protected":false},"author":1,"featured_media":0,"parent":0,"menu_order":0,"comment_status":"closed","ping_status":"closed","template":"","meta":{"footnotes":""},"class_list":["post-24796","page","type-page","status-publish","hentry"],"_links":{"self":[{"href":"https:\/\/wp.beranet.com\/index.php\/wp-json\/wp\/v2\/pages\/24796","targetHints":{"allow":["GET"]}}],"collection":[{"href":"https:\/\/wp.beranet.com\/index.php\/wp-json\/wp\/v2\/pages"}],"about":[{"href":"https:\/\/wp.beranet.com\/index.php\/wp-json\/wp\/v2\/types\/page"}],"author":[{"embeddable":true,"href":"https:\/\/wp.beranet.com\/index.php\/wp-json\/wp\/v2\/users\/1"}],"replies":[{"embeddable":true,"href":"https:\/\/wp.beranet.com\/index.php\/wp-json\/wp\/v2\/comments?post=24796"}],"version-history":[{"count":1,"href":"https:\/\/wp.beranet.com\/index.php\/wp-json\/wp\/v2\/pages\/24796\/revisions"}],"predecessor-version":[{"id":24797,"href":"https:\/\/wp.beranet.com\/index.php\/wp-json\/wp\/v2\/pages\/24796\/revisions\/24797"}],"wp:attachment":[{"href":"https:\/\/wp.beranet.com\/index.php\/wp-json\/wp\/v2\/media?parent=24796"}],"curies":[{"name":"wp","href":"https:\/\/api.w.org\/{rel}","templated":true}]}}