{"id":24789,"date":"2025-09-09T16:36:13","date_gmt":"2025-09-09T13:36:13","guid":{"rendered":"https:\/\/yigitosgb.com\/?page_id=24789"},"modified":"2025-09-22T13:46:18","modified_gmt":"2025-09-22T10:46:18","slug":"acil-durum-eylem-plani","status":"publish","type":"page","link":"https:\/\/wp.beranet.com\/index.php\/acil-durum-eylem-plani\/","title":{"rendered":"AC\u0130L DURUM EYLEM PLANI"},"content":{"rendered":"<div class=\"wpb-content-wrapper\"><p>[vc_row height=&#8221;auto&#8221; css=&#8221;.vc_custom_1496595329737{margin-top: -100px !important;}&#8221;][vc_column][vc_empty_space height=&#8221;100&#8243;][vc_custom_heading text=&#8221;AC\u0130L DURUM EYLEM PLANI&#8221; font_container=&#8221;tag:h3|text_align:left&#8221; google_fonts=&#8221;font_family:Anton%3Aregular|font_style:400%20regular%3A400%3Anormal&#8221;][\/vc_column][\/vc_row][vc_row content_placement=&#8221;middle&#8221; height=&#8221;auto&#8221; bg_type=&#8221;bg_color&#8221; bg_color_value=&#8221;#efefef&#8221; css=&#8221;.vc_custom_1496606800428{padding-top: -50px !important;padding-bottom: -50px !important;}&#8221;][vc_column][vc_empty_space height=&#8221;20px&#8221;][vc_column_text]Acil durum, \u0130\u015f yerinin tamam\u0131nda veya bir k\u0131sm\u0131nda meydana gelebilecek yang\u0131n, patlama, tehlikeli kimyasal maddelerden kaynaklanan yay\u0131l\u0131m, do\u011fal afet gibi acil m\u00fcdahale, m\u00fccadele, ilk yard\u0131m veya tahliye gerektiren olaylar\u0131,<\/p>\n<p>Acil durum plan\u0131 ise\u00a0i\u015f yerlerinde meydana gelebilecek acil durumlarda yap\u0131lacak i\u015f\u00a0ve i\u015flemler dahil bilgilerin ve uygulamaya y\u00f6nelik eylemlerin yer ald\u0131\u011f\u0131\u00a0pland\u0131r.[\/vc_column_text][vc_empty_space height=&#8221;0px&#8221;][\/vc_column][\/vc_row][vc_row height=&#8221;auto&#8221; css=&#8221;.vc_custom_1495988000222{margin-top: 0px !important;}&#8221;][vc_column][vc_empty_space height=&#8221;20px&#8221;][vc_column_text]<strong>\u0130\u015f yerinde meydana gelebilecek acil durumlar;<\/strong><\/p>\n<p>\u2022 Risk de\u011ferlendirmesi sonu\u00e7lar\u0131,<\/p>\n<p>\u2022 Yang\u0131n, tehlikeli kimyasal maddelerden kaynaklanan yay\u0131l\u0131m ve patlama ihtimali,<\/p>\n<p>\u2022 \u0130lk yard\u0131m ve tahliye gerektirecek olaylar,<br \/>\nDo\u011fal afetlerin meydana gelme ihtimali,<\/p>\n<p>\u2022 Sabotaj ihtimali gibi durumlar g\u00f6z \u00f6n\u00fcnde bulundurularak haz\u0131rlan\u0131r.<\/p>\n<p><strong>\u0130\u015f veren; i\u015f yeri tehlike s\u0131n\u0131f\u0131na g\u00f6re<\/strong><br \/>\n\u00c7ok tehlikeli s\u0131n\u0131fta yer alan i\u015f yerlerinde \u2013 30\u00a0\u00e7al\u0131\u015fana,<br \/>\nTehlikeli s\u0131n\u0131fta yer alan i\u015f yerlerinde \u2013 40\u00a0\u00e7al\u0131\u015fana<br \/>\nAz tehlikeli s\u0131n\u0131fta yer alan i\u015f yerlerinde \u2013 50\u00a0\u00e7al\u0131\u015fana kadar;<\/p>\n<p>\u2022 Arama, kurtarma ve tahliye,<\/p>\n<p>\u2022 Yang\u0131nla m\u00fccadele konular\u0131n\u0131n her biri i\u00e7in uygun donan\u0131ma sahip ve\u00a0\u00f6zel e\u011fitimli en az birer\u00a0\u00e7al\u0131\u015fan\u0131\u00a0destek eleman\u0131\u00a0olarak g\u00f6revlendirir.<\/p>\n<p><strong>\u0130s G\u00fcvenli\u011fi uzman\u0131 ve i\u015f yeri hekiminin de\u011ferlendirmeleri sonucunda acil durum eylem plan\u0131;<\/strong><\/p>\n<p>\u2022 \u0130\u015f yerinin unvan\u0131, adresi ve i\u015fverenin ad\u0131.<\/p>\n<p>\u2022 Haz\u0131rlayanlar\u0131n ad\u0131, soyad\u0131\u00a0ve unvan\u0131.<\/p>\n<p>\u2022 Haz\u0131rland\u0131\u011f\u0131\u00a0tarih ve ge\u00e7erlilik tarihi.<\/p>\n<p>\u2022 Belirlenen acil durumlar.<\/p>\n<p>\u2022 Al\u0131nan\u00a0\u00f6nleyici ve s\u0131n\u0131rland\u0131r\u0131c\u0131\u00a0tedbirler.<\/p>\n<p>\u2022Acil durum m\u00fcdahale ve tahliye y\u00f6ntemleri.<\/p>\n<p><strong>A\u015fa\u011f\u0131daki unsurlar\u0131\u00a0i\u00e7eren i\u015f yerini veya i\u015f yerinin b\u00f6l\u00fcmlerini g\u00f6steren kroki:<\/strong><\/p>\n<p>\u2022 Yang\u0131n s\u00f6nd\u00fcrme ama\u00e7l\u0131\u00a0kullan\u0131lacaklar da dahil olmak\u00a0\u00fczere acil durum ekipmanlar\u0131n\u0131n bulundu\u011fu yerler.<\/p>\n<p>\u2022 \u0130lk yard\u0131m malzemelerinin bulundu\u011fu yerler.<\/p>\n<p>\u2022 Ka\u00e7\u0131\u015f\u00a0yollar\u0131, toplanma yerleri ve bulunmas\u0131\u00a0halinde uyar\u0131\u00a0sistemlerinin de yer ald\u0131\u011f\u0131\u00a0tahliye plan\u0131.<\/p>\n<p>\u2022 G\u00f6revlendirilen\u00a0\u00e7al\u0131\u015fanlar\u0131n ve varsa yedeklerinin ad\u0131, soyad\u0131, unvan\u0131, sorumluluk alan\u0131\u00a0ve ileti\u015fim bilgileri.<\/p>\n<p>\u2022 \u0130lk yard\u0131m, acil t\u0131bbi m\u00fcdahale, kurtarma ve yang\u0131nla m\u00fccadele konular\u0131nda i\u015f yeri d\u0131\u015f\u0131ndaki kurulu\u015flar\u0131n irtibat numaralar\u0131.<\/p>\n<p>Maddelerince yaz\u0131l\u0131 hale getirilir.<\/p>\n<p>Haz\u0131rlanan acil durum\u00a0\u00a0plan\u0131n\u0131n uygulama ad\u0131mlar\u0131n\u0131n\u00a0\u00a0d\u00fczenli olarak takip edilebilmesi ve uygulanabilirli\u011finden emin olmak i\u00e7in i\u015f yerlerinde y\u0131lda en az bir defa olmak\u00a0\u00fczere tatbikat yap\u0131l\u0131r, denetlenir ve g\u00f6zden ge\u00e7irilerek gerekli d\u00fczeltici ve\u00a0\u00f6nleyici faaliyetler yap\u0131l\u0131r.<\/p>\n<p><strong>Yap\u0131lm\u0131\u015f\u00a0olan acil durum eylem plan\u0131; tehlike s\u0131n\u0131f\u0131na g\u00f6re;<\/strong><\/p>\n<ul>\n<li>\u00c7ok tehlikeli \u2013 2 y\u0131lda<\/li>\n<li>Tehlikeli \u2013 4 y\u0131lda<\/li>\n<li>Az tehlikeli \u2013 6 y\u0131lda bir yenilenir.<\/li>\n<\/ul>\n<p>\u0130\u015f yerinde, belirlenmi\u015f\u00a0olan acil durumlar\u0131\u00a0etkileyebilecek veya yeni acil durumlar\u0131n ortaya \u00e7\u0131kmas\u0131na neden olacak de\u011fi\u015fikliklerin meydana gelmesi halinde etkinin b\u00fcy\u00fckl\u00fc\u011f\u00fcne g\u00f6re acil durum plan\u0131\u00a0tamamen veya k\u0131smen yenilenir.[\/vc_column_text][vc_empty_space height=&#8221;10px&#8221;][\/vc_column][\/vc_row]<\/p>\n<\/div>","protected":false},"excerpt":{"rendered":"<p>[vc_row height=&#8221;auto&#8221; css=&#8221;.vc_custom_1496595329737{margin-top: -100px !important;}&#8221;][vc_column][vc_empty_space height=&#8221;100&#8243;][vc_custom_heading text=&#8221;AC\u0130L DURUM EYLEM PLANI&#8221; font_container=&#8221;tag:h3|text_align:left&#8221; google_fonts=&#8221;font_family:Anton%3Aregular|font_style:400%20regular%3A400%3Anormal&#8221;][\/vc_column][\/vc_row][vc_row content_placement=&#8221;middle&#8221; height=&#8221;auto&#8221; bg_type=&#8221;bg_color&#8221; bg_color_value=&#8221;#efefef&#8221; css=&#8221;.vc_custom_1496606800428{padding-top: -50px !important;padding-bottom: -50px !important;}&#8221;][vc_column][vc_empty_space height=&#8221;20px&#8221;][vc_column_text]Acil durum, \u0130\u015f yerinin tamam\u0131nda veya bir k\u0131sm\u0131nda meydana gelebilecek yang\u0131n, patlama, tehlikeli kimyasal maddelerden kaynaklanan yay\u0131l\u0131m, do\u011fal afet gibi acil m\u00fcdahale, m\u00fccadele, ilk yard\u0131m veya tahliye gerektiren olaylar\u0131, Acil durum plan\u0131 ise\u00a0i\u015f yerlerinde [&hellip;]<\/p>\n","protected":false},"author":1,"featured_media":0,"parent":0,"menu_order":0,"comment_status":"closed","ping_status":"closed","template":"","meta":{"footnotes":""},"class_list":["post-24789","page","type-page","status-publish","hentry"],"_links":{"self":[{"href":"https:\/\/wp.beranet.com\/index.php\/wp-json\/wp\/v2\/pages\/24789","targetHints":{"allow":["GET"]}}],"collection":[{"href":"https:\/\/wp.beranet.com\/index.php\/wp-json\/wp\/v2\/pages"}],"about":[{"href":"https:\/\/wp.beranet.com\/index.php\/wp-json\/wp\/v2\/types\/page"}],"author":[{"embeddable":true,"href":"https:\/\/wp.beranet.com\/index.php\/wp-json\/wp\/v2\/users\/1"}],"replies":[{"embeddable":true,"href":"https:\/\/wp.beranet.com\/index.php\/wp-json\/wp\/v2\/comments?post=24789"}],"version-history":[{"count":1,"href":"https:\/\/wp.beranet.com\/index.php\/wp-json\/wp\/v2\/pages\/24789\/revisions"}],"predecessor-version":[{"id":24790,"href":"https:\/\/wp.beranet.com\/index.php\/wp-json\/wp\/v2\/pages\/24789\/revisions\/24790"}],"wp:attachment":[{"href":"https:\/\/wp.beranet.com\/index.php\/wp-json\/wp\/v2\/media?parent=24789"}],"curies":[{"name":"wp","href":"https:\/\/api.w.org\/{rel}","templated":true}]}}