{"id":24787,"date":"2025-09-09T16:34:39","date_gmt":"2025-09-09T13:34:39","guid":{"rendered":"https:\/\/yigitosgb.com\/?page_id=24787"},"modified":"2025-09-22T13:53:43","modified_gmt":"2025-09-22T10:53:43","slug":"risk-degerlendirme-analizi","status":"publish","type":"page","link":"https:\/\/wp.beranet.com\/index.php\/risk-degerlendirme-analizi\/","title":{"rendered":"R\u0130SK DE\u011eERLEND\u0130RME ANAL\u0130Z\u0130"},"content":{"rendered":"<div class=\"wpb-content-wrapper\"><p>[vc_row height=&#8221;auto&#8221; css=&#8221;.vc_custom_1496595329737{margin-top: -100px !important;}&#8221;][vc_column][vc_empty_space height=&#8221;100&#8243;][vc_custom_heading text=&#8221;R\u0130SK DE\u011eERLEND\u0130RME ANAL\u0130Z\u0130&#8221; font_container=&#8221;tag:h3|text_align:left&#8221; google_fonts=&#8221;font_family:Anton%3Aregular|font_style:400%20regular%3A400%3Anormal&#8221;][\/vc_column][\/vc_row][vc_row content_placement=&#8221;middle&#8221; height=&#8221;auto&#8221; bg_type=&#8221;bg_color&#8221; bg_color_value=&#8221;#efefef&#8221; css=&#8221;.vc_custom_1496606800428{padding-top: -50px !important;padding-bottom: -50px !important;}&#8221;][vc_column][vc_empty_space height=&#8221;20px&#8221;][vc_column_text]\u0130\u015fyerinde var olan ya da d\u0131\u015far\u0131dan gelebilecek tehlikelerin belirlenmesi, bu tehlikelerin riske d\u00f6n\u00fc\u015fmesine yol a\u00e7an fakt\u00f6rler ile tehlikelerden kaynaklanan risklerin analiz edilerek derecelendirilmesi ve kontrol tedbirlerinin kararla\u015ft\u0131r\u0131lmas\u0131 amac\u0131yla yap\u0131lmas\u0131 gerekli \u00e7al\u0131\u015fmalard\u0131r. \u0130\u015fyerlerinde Risk Analizi ve Acil Durum Plan\u0131 Formu doldurmak, sorumlular\u0131n y\u00fck\u00fcml\u00fcl\u00fcklerini ortadan kald\u0131rm\u0131yor, gerekli \u00f6nlemlerin al\u0131nmas\u0131 hayati \u00f6nem ta\u015f\u0131yor.<\/p>\n<p>6331 say\u0131l\u0131 Yeni \u0130\u015f Sa\u011fl\u0131\u011f\u0131 ve \u0130\u015f G\u00fcvenli\u011fi Kanunu\u2019na g\u00f6re 1 Ocak 2013 tarihinden itibaren t\u00fcm i\u015fyerlerinde \u201c risk de\u011ferlendirme\/ risk analizi \u201d yapt\u0131r\u0131lmas\u0131 zorunlu k\u0131l\u0131nm\u0131\u015ft\u0131r.[\/vc_column_text][vc_empty_space height=&#8221;0px&#8221;][\/vc_column][\/vc_row][vc_row height=&#8221;auto&#8221; css=&#8221;.vc_custom_1495988000222{margin-top: 0px !important;}&#8221;][vc_column][vc_empty_space height=&#8221;20px&#8221;][vc_column_text]<\/p>\n<h4>Risk Analizleri Ne Kadar S\u00fcrede Yenilenmelidir?<\/h4>\n<ul>\n<li>Az tehlikeli i\u015fyerleri i\u00e7in 6 y\u0131lda bir<\/li>\n<li>Tehlikeli s\u0131n\u0131f\u0131na giren i\u015fyerleri i\u00e7in 4 y\u0131lda bir<\/li>\n<li>\u00c7ok tehlikeli i\u015fyerlerinde ise 2 y\u0131lda bir<\/li>\n<\/ul>\n<h4>Risk Analizi Kimler Yapabilir?<\/h4>\n<p>Risk analizi y\u00f6netmeli\u011fine g\u00f6re, \u0130\u015fveren; \u00e7al\u0131\u015fma ortam\u0131n\u0131n ve al\u0131\u015fanlar\u0131n sa\u011fl\u0131k ve g\u00fcvenli\u011fini sa\u011flama, s\u00fcrd\u00fcrme ve geli\u015ftirme amac\u0131 ile i\u015f sa\u011fl\u0131\u011f\u0131 ve g\u00fcvenli\u011fi y\u00f6n\u00fcnden risk de\u011ferlendirmesi yapar veya yapt\u0131r\u0131r. Fakat risk analizi sonunda fark edilmeyen tehlikelerin belirlenmemesi halinde do\u011facak yasal haklar y\u00fcz\u00fcnden alan\u0131nda uzmanla\u015fm\u0131\u015f, bakanl\u0131k\u00e7a belgelendirilen i\u015f sa\u011fl\u0131\u011f\u0131 ve g\u00fcvenli\u011fi uzmanlar\u0131na yapt\u0131rmalar\u0131 i\u015fverenin yarar\u0131nad\u0131r.[\/vc_column_text][vc_empty_space height=&#8221;10px&#8221;][\/vc_column][\/vc_row]<\/p>\n<\/div>","protected":false},"excerpt":{"rendered":"<p>[vc_row height=&#8221;auto&#8221; css=&#8221;.vc_custom_1496595329737{margin-top: -100px !important;}&#8221;][vc_column][vc_empty_space height=&#8221;100&#8243;][vc_custom_heading text=&#8221;R\u0130SK DE\u011eERLEND\u0130RME ANAL\u0130Z\u0130&#8221; font_container=&#8221;tag:h3|text_align:left&#8221; google_fonts=&#8221;font_family:Anton%3Aregular|font_style:400%20regular%3A400%3Anormal&#8221;][\/vc_column][\/vc_row][vc_row content_placement=&#8221;middle&#8221; height=&#8221;auto&#8221; bg_type=&#8221;bg_color&#8221; bg_color_value=&#8221;#efefef&#8221; css=&#8221;.vc_custom_1496606800428{padding-top: -50px !important;padding-bottom: -50px !important;}&#8221;][vc_column][vc_empty_space height=&#8221;20px&#8221;][vc_column_text]\u0130\u015fyerinde var olan ya da d\u0131\u015far\u0131dan gelebilecek tehlikelerin belirlenmesi, bu tehlikelerin riske d\u00f6n\u00fc\u015fmesine yol a\u00e7an fakt\u00f6rler ile tehlikelerden kaynaklanan risklerin analiz edilerek derecelendirilmesi ve kontrol tedbirlerinin kararla\u015ft\u0131r\u0131lmas\u0131 amac\u0131yla yap\u0131lmas\u0131 gerekli \u00e7al\u0131\u015fmalard\u0131r. \u0130\u015fyerlerinde Risk Analizi ve [&hellip;]<\/p>\n","protected":false},"author":1,"featured_media":0,"parent":0,"menu_order":0,"comment_status":"closed","ping_status":"closed","template":"","meta":{"footnotes":""},"class_list":["post-24787","page","type-page","status-publish","hentry"],"_links":{"self":[{"href":"https:\/\/wp.beranet.com\/index.php\/wp-json\/wp\/v2\/pages\/24787","targetHints":{"allow":["GET"]}}],"collection":[{"href":"https:\/\/wp.beranet.com\/index.php\/wp-json\/wp\/v2\/pages"}],"about":[{"href":"https:\/\/wp.beranet.com\/index.php\/wp-json\/wp\/v2\/types\/page"}],"author":[{"embeddable":true,"href":"https:\/\/wp.beranet.com\/index.php\/wp-json\/wp\/v2\/users\/1"}],"replies":[{"embeddable":true,"href":"https:\/\/wp.beranet.com\/index.php\/wp-json\/wp\/v2\/comments?post=24787"}],"version-history":[{"count":1,"href":"https:\/\/wp.beranet.com\/index.php\/wp-json\/wp\/v2\/pages\/24787\/revisions"}],"predecessor-version":[{"id":24788,"href":"https:\/\/wp.beranet.com\/index.php\/wp-json\/wp\/v2\/pages\/24787\/revisions\/24788"}],"wp:attachment":[{"href":"https:\/\/wp.beranet.com\/index.php\/wp-json\/wp\/v2\/media?parent=24787"}],"curies":[{"name":"wp","href":"https:\/\/api.w.org\/{rel}","templated":true}]}}