{"id":24785,"date":"2025-09-09T16:31:54","date_gmt":"2025-09-09T13:31:54","guid":{"rendered":"https:\/\/yigitosgb.com\/?page_id=24785"},"modified":"2025-09-22T13:53:05","modified_gmt":"2025-09-22T10:53:05","slug":"ise-giris-saglik-raporu","status":"publish","type":"page","link":"https:\/\/wp.beranet.com\/index.php\/ise-giris-saglik-raporu\/","title":{"rendered":"\u0130\u015eE G\u0130R\u0130\u015e SA\u011eLIK RAPORU"},"content":{"rendered":"<div class=\"wpb-content-wrapper\"><p>[vc_row height=&#8221;auto&#8221; css=&#8221;.vc_custom_1496595329737{margin-top: -100px !important;}&#8221;][vc_column][vc_empty_space height=&#8221;100&#8243;][vc_custom_heading text=&#8221;\u0130\u015eE G\u0130R\u0130\u015e SA\u011eLIK RAPORU H\u0130ZMET\u0130&#8221; font_container=&#8221;tag:h3|text_align:left&#8221; google_fonts=&#8221;font_family:Anton%3Aregular|font_style:400%20regular%3A400%3Anormal&#8221;][\/vc_column][\/vc_row][vc_row content_placement=&#8221;middle&#8221; height=&#8221;auto&#8221; bg_type=&#8221;bg_color&#8221; bg_color_value=&#8221;#efefef&#8221; css=&#8221;.vc_custom_1496606800428{padding-top: -50px !important;padding-bottom: -50px !important;}&#8221;][vc_column][vc_empty_space height=&#8221;20px&#8221;][vc_column_text]<strong>MADDE 15\u00a0\u2013\u00a0\u0130\u015fveren;<\/strong><\/p>\n<p>\u00c7al\u0131\u015fanlar\u0131n i\u015f yerinde maruz kalacaklar\u0131\u00a0sa\u011fl\u0131k ve g\u00fcvenlik risklerini dikkate alarak sa\u011fl\u0131k g\u00f6zetimine tabi tutulmalar\u0131n\u0131\u00a0sa\u011flar.<\/p>\n<p><strong>A\u015fa\u011f\u0131daki hallerde\u00a0\u00e7al\u0131\u015fanlar\u0131n genel sa\u011fl\u0131k taramas\u0131 yapt\u0131rmas\u0131 zorunludur:<\/strong><\/p>\n<ol>\n<li>\u0130\u015fe giri\u015flerinde.<\/li>\n<li>\u0130\u015f\u00a0de\u011fi\u015fikli\u011finde.<\/li>\n<li>\u0130\u015f\u00a0kazas\u0131, meslek hastal\u0131\u011f\u0131\u00a0veya sa\u011fl\u0131k nedeniyle tekrarlanan i\u015ften uzakla\u015fmalar\u0131ndan sonra i\u015fe d\u00f6n\u00fc\u015flerinde talep etmeleri halinde.<\/li>\n<li>\u0130\u015fin devam\u0131\u00a0s\u00fcresince,\u00a0\u00e7al\u0131\u015fan\u0131n ve i\u015fin niteli\u011fi ile i\u015f yerinin tehlike s\u0131n\u0131f\u0131na g\u00f6re Bakanl\u0131k\u00e7a belirlenen d\u00fczenli aral\u0131klarla.<\/li>\n<\/ol>\n<p>Tehlikeli ve\u00a0\u00e7ok tehlikeli s\u0131n\u0131fta yer alan i\u015f yerlerinde\u00a0\u00e7al\u0131\u015facaklar, yapacaklar\u0131\u00a0i\u015fe uygun olduklar\u0131n\u0131 belirten sa\u011fl\u0131k raporu olmadan i\u015fe ba\u015flat\u0131lamaz.<\/p>\n<p>Bu Kanun kapsam\u0131nda al\u0131nmas\u0131\u00a0gereken sa\u011fl\u0131k raporlar\u0131, i\u015f yeri sa\u011fl\u0131k ve g\u00fcvenlik biriminde veya hizmet al\u0131nan ortak sa\u011fl\u0131k ve g\u00fcvenlik biriminde g\u00f6revli olan i\u015f yeri hekiminden al\u0131n\u0131r. Raporlara itirazlar Sa\u011fl\u0131k Bakanl\u0131\u011f\u0131 taraf\u0131ndan belirlenen hakem hastanelere yap\u0131l\u0131r, verilen kararlar kesindir.<\/p>\n<p>Sa\u011fl\u0131k g\u00f6zetiminden do\u011fan maliyet ve bu g\u00f6zetimden kaynakl\u0131\u00a0her t\u00fcrl\u00fc\u00a0ek maliyet i\u015fverence kar\u015f\u0131lan\u0131r,\u00a0\u00e7al\u0131\u015fana yans\u0131t\u0131lamaz.<\/p>\n<p>Genel sa\u011fl\u0131k taramas\u0131\u00a0yapt\u0131r\u0131lan\u00a0\u00e7al\u0131\u015fan\u0131n\u00a0\u00f6zel hayat\u0131\u00a0ve itibar\u0131n\u0131n korunmas\u0131\u00a0a\u00e7\u0131s\u0131ndan sa\u011fl\u0131k bilgileri gizli tutulmal\u0131d\u0131r.<\/p>\n<p>Y\u0130\u011e\u0130T OSGB \u00a0olarak firman\u0131z\u0131n merkezinde i\u015fe giri\u015f sa\u011fl\u0131k raporu i\u015f yeri hekimlerimiz ile, sa\u011fl\u0131k tetkiklerini mobil sa\u011fl\u0131k hizmetleri ile \u0130\u015fe Giri\u015f Sa\u011fl\u0131k Raporu sa\u011flamaktay\u0131z.[\/vc_column_text][vc_empty_space height=&#8221;0px&#8221;][\/vc_column][\/vc_row][vc_row height=&#8221;auto&#8221; css=&#8221;.vc_custom_1495988000222{margin-top: 0px !important;}&#8221;][vc_column][vc_empty_space height=&#8221;20px&#8221;][vc_column_text]<\/p>\n<h4><strong>\u0130\u015fe Giri\u015f Sa\u011fl\u0131k Raporu istenen tetkikler<\/strong><\/h4>\n<p>\u0130\u015fe Giri\u015f Sa\u011fl\u0131k Raporu hizmetimiz kapsam\u0131nda sizlere sundu\u011fumuz hizmetlerimiz a\u015fa\u011f\u0131da yer almaktad\u0131r.<\/p>\n<p><strong>Akci\u011fer Grafisi<\/strong><\/p>\n<p>Verem, t\u00fcberk\u00fcloz vb. hastal\u0131klar\u0131 te\u015fhis etmek i\u00e7in akci\u011ferlerin r\u00f6ntgeni \u00e7ekilerek g\u00f6\u011f\u00fcs hastal\u0131klar\u0131 taraf\u0131ndan raporland\u0131r\u0131l\u0131r.<\/p>\n<p><strong>Odiometri (\u0130\u015fitme testleri)<\/strong><\/p>\n<p>\u00d6zellikle \u00fcretim yapan g\u00fcr\u00fclt\u00fcl\u00fc i\u015flerde veya \u015fantiyelerde \u00e7al\u0131\u015fanlardan ve i\u015fe giri\u015fte \u00e7al\u0131\u015fan\u0131n i\u015fitti\u011fi ses seviyesini \u00f6l\u00e7mek i\u00e7in yap\u0131l\u0131r.<\/p>\n<p><strong>Solunum Fonksiyon Testi (SFT)<\/strong><\/p>\n<p>Nefes darl\u0131\u011f\u0131, ast\u0131m, KOAH hastal\u0131klar\u0131 gibi solunum yolu rahats\u0131zl\u0131klar\u0131n\u0131 te\u015fhis etmek i\u00e7in solunum fonksiyon testi genelde her sekt\u00f6rde yap\u0131lmaktad\u0131r.<\/p>\n<p><strong>Port\u00f6r Muayenesi<\/strong><\/p>\n<p>G\u0131da sekt\u00f6r\u00fcnde \u00fcretim ve sunum taraf\u0131nda \u00e7al\u0131\u015fanlar ve insana temas eden \u00fcr\u00fcnlerin haz\u0131rlanmas\u0131 paketlenmesi vb. i\u015flerde \u00e7al\u0131\u015fanlardan burun bo\u011faz ve gaita k\u00fclt\u00fcr\u00fc al\u0131narak mikroskobik ortamda incelenerek bula\u015f\u0131c\u0131 bakteri \u00fcremesi olup olmad\u0131\u011f\u0131 tespit edilmektedir.<\/p>\n<p><strong>Tetanoz A\u015f\u0131 Uygulamas\u0131<\/strong><\/p>\n<p>Clostridium tetani adl\u0131 \u00f6l\u00fcmc\u00fcl bakterinin a\u00e7\u0131k yaralardan v\u00fccuda girmesiyle (i\u011fne batmas\u0131, kesikler vb.) meydana gelir. Korunmak i\u00e7in tetanos a\u015f\u0131 uygulamas\u0131 belirli dozlarda ba\u011f\u0131\u015f\u0131kl\u0131k kazanmas\u0131 sa\u011flan\u0131r.<\/p>\n<p><strong>Tam Kan Say\u0131m\u0131 (Hemogram)<\/strong><\/p>\n<p>Kandaki l\u00f6kosit say\u0131s\u0131 ve \u00e7e\u015fitli parametreler analiz edilerek \u00e7al\u0131\u015fan\u0131n genel sa\u011fl\u0131k durumu de\u011ferlendirilir. Tam kan say\u0131m\u0131 ile anemi (kans\u0131zl\u0131k), kanda enfeksiyon, l\u00f6semi, virus dahil bir \u00e7ok kanla ilgili rahats\u0131zl\u0131\u011f\u0131n tespit edildi\u011fi kan testidir.<\/p>\n<p><strong>A\u00e7l\u0131k Kan \u015eekeri (AKS)<\/strong><\/p>\n<p>\u00c7al\u0131\u015fan\u0131n a\u00e7l\u0131k durumunda kan\u0131nda yer alan glikoz miktar\u0131n\u0131n \u00f6l\u00e7\u00fclmesidir. Kan \u015fekerinin y\u00fcksek \u00e7\u0131kmas\u0131 halinde ki\u015fide diyabet (\u015feker hastal\u0131\u011f\u0131) g\u00f6r\u00fclme olas\u0131l\u0131\u011f\u0131 vard\u0131r.<\/p>\n<p><strong>EKG<\/strong><\/p>\n<p>El, ayak bile\u011fi ve g\u00f6\u011f\u00fcse yap\u0131\u015ft\u0131r\u0131lan elektrotlar arac\u0131l\u0131\u011f\u0131 ile kalp at\u0131\u015flar\u0131n\u0131 ritm olarak tespit edilmesi sa\u011flan\u0131r. EKG \u00e7ekimi sayesinde kalbin \u00e7al\u0131\u015fmas\u0131 ve ritm bozukluklar\u0131 var ise tespit edilmektedir.<\/p>\n<p><strong>G\u00f6z Muayenesi<\/strong><\/p>\n<p>G\u00f6z merce\u011finin \u0131\u015f\u0131\u011f\u0131 k\u0131rma oran\u0131na g\u00f6re ki\u015fi net g\u00f6remez ve g\u00f6zl\u00fck ihtiyac\u0131 ortaya \u00e7\u0131kar. G\u00f6z muayenesi sayesinde renk k\u00f6rl\u00fc\u011f\u00fc, katarakt ve g\u00f6rme bozukluklar\u0131 tespit edilmektedir.<\/p>\n<p><strong>\u0130\u015f Sa\u011fl\u0131\u011f\u0131 ve G\u00fcvenli\u011fi do\u011frultusunda \u0130\u015fe Giri\u015f Sa\u011fl\u0131k Raporu sa\u011flanmas\u0131n\u0131 Y\u0130\u011e\u0130T OSGB olarak ger\u00e7ekle\u015ftirmekteyiz.<\/strong>[\/vc_column_text][vc_empty_space height=&#8221;10px&#8221;][\/vc_column][\/vc_row]<\/p>\n<\/div>","protected":false},"excerpt":{"rendered":"<p>[vc_row height=&#8221;auto&#8221; css=&#8221;.vc_custom_1496595329737{margin-top: -100px !important;}&#8221;][vc_column][vc_empty_space height=&#8221;100&#8243;][vc_custom_heading text=&#8221;\u0130\u015eE G\u0130R\u0130\u015e SA\u011eLIK RAPORU H\u0130ZMET\u0130&#8221; font_container=&#8221;tag:h3|text_align:left&#8221; google_fonts=&#8221;font_family:Anton%3Aregular|font_style:400%20regular%3A400%3Anormal&#8221;][\/vc_column][\/vc_row][vc_row content_placement=&#8221;middle&#8221; height=&#8221;auto&#8221; bg_type=&#8221;bg_color&#8221; bg_color_value=&#8221;#efefef&#8221; css=&#8221;.vc_custom_1496606800428{padding-top: -50px !important;padding-bottom: -50px !important;}&#8221;][vc_column][vc_empty_space height=&#8221;20px&#8221;][vc_column_text]MADDE 15\u00a0\u2013\u00a0\u0130\u015fveren; \u00c7al\u0131\u015fanlar\u0131n i\u015f yerinde maruz kalacaklar\u0131\u00a0sa\u011fl\u0131k ve g\u00fcvenlik risklerini dikkate alarak sa\u011fl\u0131k g\u00f6zetimine tabi tutulmalar\u0131n\u0131\u00a0sa\u011flar. A\u015fa\u011f\u0131daki hallerde\u00a0\u00e7al\u0131\u015fanlar\u0131n genel sa\u011fl\u0131k taramas\u0131 yapt\u0131rmas\u0131 zorunludur: \u0130\u015fe giri\u015flerinde. \u0130\u015f\u00a0de\u011fi\u015fikli\u011finde. \u0130\u015f\u00a0kazas\u0131, meslek hastal\u0131\u011f\u0131\u00a0veya sa\u011fl\u0131k nedeniyle tekrarlanan i\u015ften [&hellip;]<\/p>\n","protected":false},"author":1,"featured_media":0,"parent":0,"menu_order":0,"comment_status":"closed","ping_status":"closed","template":"","meta":{"footnotes":""},"class_list":["post-24785","page","type-page","status-publish","hentry"],"_links":{"self":[{"href":"https:\/\/wp.beranet.com\/index.php\/wp-json\/wp\/v2\/pages\/24785","targetHints":{"allow":["GET"]}}],"collection":[{"href":"https:\/\/wp.beranet.com\/index.php\/wp-json\/wp\/v2\/pages"}],"about":[{"href":"https:\/\/wp.beranet.com\/index.php\/wp-json\/wp\/v2\/types\/page"}],"author":[{"embeddable":true,"href":"https:\/\/wp.beranet.com\/index.php\/wp-json\/wp\/v2\/users\/1"}],"replies":[{"embeddable":true,"href":"https:\/\/wp.beranet.com\/index.php\/wp-json\/wp\/v2\/comments?post=24785"}],"version-history":[{"count":1,"href":"https:\/\/wp.beranet.com\/index.php\/wp-json\/wp\/v2\/pages\/24785\/revisions"}],"predecessor-version":[{"id":24786,"href":"https:\/\/wp.beranet.com\/index.php\/wp-json\/wp\/v2\/pages\/24785\/revisions\/24786"}],"wp:attachment":[{"href":"https:\/\/wp.beranet.com\/index.php\/wp-json\/wp\/v2\/media?parent=24785"}],"curies":[{"name":"wp","href":"https:\/\/api.w.org\/{rel}","templated":true}]}}