{"id":24780,"date":"2025-09-09T16:17:03","date_gmt":"2025-09-09T13:17:03","guid":{"rendered":"https:\/\/yigitosgb.com\/?page_id=24780"},"modified":"2025-09-22T13:52:08","modified_gmt":"2025-09-22T10:52:08","slug":"saglik-personeli-hizmetleri","status":"publish","type":"page","link":"https:\/\/wp.beranet.com\/index.php\/saglik-personeli-hizmetleri\/","title":{"rendered":"SA\u011eLIK PERSONEL\u0130 H\u0130ZMETLER\u0130"},"content":{"rendered":"<div class=\"wpb-content-wrapper\"><p>[vc_row height=&#8221;auto&#8221; css=&#8221;.vc_custom_1496595329737{margin-top: -100px !important;}&#8221;][vc_column][vc_empty_space height=&#8221;100&#8243;][vc_custom_heading text=&#8221;SA\u011eLIK PERSONEL\u0130 H\u0130ZMETLER\u0130&#8221; font_container=&#8221;tag:h3|text_align:left&#8221; google_fonts=&#8221;font_family:Anton%3Aregular|font_style:400%20regular%3A400%3Anormal&#8221;][\/vc_column][\/vc_row][vc_row content_placement=&#8221;middle&#8221; height=&#8221;auto&#8221; bg_type=&#8221;bg_color&#8221; bg_color_value=&#8221;#efefef&#8221; css=&#8221;.vc_custom_1496606800428{padding-top: -50px !important;padding-bottom: -50px !important;}&#8221;][vc_column][vc_empty_space height=&#8221;20px&#8221;][vc_column_text]<strong>Y\u0130\u011e\u0130T OSGB<\/strong>, i\u015f sa\u011fl\u0131\u011f\u0131 ve g\u00fcvenli\u011fi hizmetlerinde i\u015fyeri hekimi istihdam\u0131na ek olarak mevzuat\u00e7a zorunlu g\u00f6r\u00fclen di\u011fer sa\u011fl\u0131k personeli hizmetlerini b\u00fcnyesindeki profesyonellerce sunmaktad\u0131r.<\/p>\n<p>6331 Say\u0131l\u0131 \u0130\u015f Sa\u011fl\u0131\u011f\u0131 ve G\u00fcvenli\u011fi Kanunu\u2019nda \u0130\u015fyeri Hem\u015firesi, 27.11.2010 tarihli \u0130\u015f Sa\u011fl\u0131\u011f\u0131 ve G\u00fcvenli\u011fi Hizmetleri Y\u00f6netmeli\u011finde ise Di\u011fer Sa\u011fl\u0131k Personeli ( Hem\u015fire \u2013 Sa\u011fl\u0131k Memuru \u2013 ATT (Acil T\u0131p Teknisyeni) ve \u00c7evre Sa\u011fl\u0131\u011f\u0131 Teknisyeni ) olarak tan\u0131mlanan ve pratikte yard\u0131mc\u0131 sa\u011fl\u0131k personeli olarak da adland\u0131r\u0131lan sa\u011fl\u0131k profesyonelleri \u0130\u015f Sa\u011fl\u0131\u011f\u0131 ve G\u00fcvenli\u011fi\u2019nin ayr\u0131lmaz bir par\u00e7as\u0131d\u0131rlar.[\/vc_column_text][vc_empty_space height=&#8221;0px&#8221;][\/vc_column][\/vc_row][vc_row height=&#8221;auto&#8221; css=&#8221;.vc_custom_1495988000222{margin-top: 0px !important;}&#8221;][vc_column][vc_empty_space height=&#8221;20px&#8221;][vc_column_text css=&#8221;&#8221; css_params=&#8221;&#8221;]<\/p>\n<h3 class=\"box-header\">Di\u011fer Sa\u011fl\u0131k Personeli Sorumluluklar\u0131 Nelerdir?<\/h3>\n<ul>\n<li>\u0130\u015f sa\u011fl\u0131\u011f\u0131 ve g\u00fcvenli\u011fi hizmetlerinin planlanmas\u0131, de\u011ferlendirilmesi, izlenmesi ve y\u00f6nlendirilmesinde i\u015fyeri hekimi ile birlikte \u00e7al\u0131\u015fmak, veri toplamak ve gerekli kay\u0131tlar\u0131 tutmak.<\/li>\n<li>\u00c7al\u0131\u015fanlar\u0131n sa\u011fl\u0131k ve \u00e7al\u0131\u015fma \u00f6yk\u00fclerini i\u015fe giri\u015f\/periyodik muayene formuna yazmak ve i\u015fyeri hekimi taraf\u0131ndan yap\u0131lan muayene s\u0131ras\u0131nda hekime yard\u0131mc\u0131 olmak.<\/li>\n<li>\u00d6zel politika gerektiren gruplar\u0131n takip edilmesi ve gerekli sa\u011fl\u0131k muayenelerinin yapt\u0131r\u0131lmas\u0131n\u0131 sa\u011flamak.<\/li>\n<li>\u0130lk yard\u0131m hizmetlerinin organizasyonu ve y\u00fcr\u00fct\u00fcm\u00fcnde i\u015fyeri hekimi ile birlikte \u00e7al\u0131\u015fmak.<\/li>\n<li>\u00c7al\u0131\u015fanlar\u0131n sa\u011fl\u0131k e\u011fitiminde g\u00f6rev almak.<\/li>\n<li>\u0130\u015fyeri bina ve eklentilerinin genel hijyen \u015fartlar\u0131n\u0131n s\u00fcrekli izlenip denetlemesinde i\u015fyeri hekimiyle birlikte \u00e7al\u0131\u015fmak.<\/li>\n<li>\u0130\u015fyeri hekimince verilecek i\u015f sa\u011fl\u0131\u011f\u0131 ve g\u00fcvenli\u011fi ile ilgili di\u011fer g\u00f6revleri y\u00fcr\u00fctmek.<\/li>\n<li>\u0130\u015fyerinde g\u00f6revli \u00e7al\u0131\u015fan temsilcisi ve destek elemanlar\u0131n\u0131n \u00e7al\u0131\u015fmalar\u0131na destek sa\u011flamak ve bu ki\u015filerle i\u015fbirli\u011fi yapmak.<\/li>\n<\/ul>\n<p>[\/vc_column_text][vc_empty_space height=&#8221;10px&#8221;][\/vc_column][\/vc_row]<\/p>\n<\/div>","protected":false},"excerpt":{"rendered":"<p>[vc_row height=&#8221;auto&#8221; css=&#8221;.vc_custom_1496595329737{margin-top: -100px !important;}&#8221;][vc_column][vc_empty_space height=&#8221;100&#8243;][vc_custom_heading text=&#8221;SA\u011eLIK PERSONEL\u0130 H\u0130ZMETLER\u0130&#8221; font_container=&#8221;tag:h3|text_align:left&#8221; google_fonts=&#8221;font_family:Anton%3Aregular|font_style:400%20regular%3A400%3Anormal&#8221;][\/vc_column][\/vc_row][vc_row content_placement=&#8221;middle&#8221; height=&#8221;auto&#8221; bg_type=&#8221;bg_color&#8221; bg_color_value=&#8221;#efefef&#8221; css=&#8221;.vc_custom_1496606800428{padding-top: -50px !important;padding-bottom: -50px !important;}&#8221;][vc_column][vc_empty_space height=&#8221;20px&#8221;][vc_column_text]Y\u0130\u011e\u0130T OSGB, i\u015f sa\u011fl\u0131\u011f\u0131 ve g\u00fcvenli\u011fi hizmetlerinde i\u015fyeri hekimi istihdam\u0131na ek olarak mevzuat\u00e7a zorunlu g\u00f6r\u00fclen di\u011fer sa\u011fl\u0131k personeli hizmetlerini b\u00fcnyesindeki profesyonellerce sunmaktad\u0131r. 6331 Say\u0131l\u0131 \u0130\u015f Sa\u011fl\u0131\u011f\u0131 ve G\u00fcvenli\u011fi Kanunu\u2019nda \u0130\u015fyeri Hem\u015firesi, 27.11.2010 tarihli \u0130\u015f Sa\u011fl\u0131\u011f\u0131 [&hellip;]<\/p>\n","protected":false},"author":1,"featured_media":0,"parent":0,"menu_order":0,"comment_status":"closed","ping_status":"closed","template":"","meta":{"footnotes":""},"class_list":["post-24780","page","type-page","status-publish","hentry"],"_links":{"self":[{"href":"https:\/\/wp.beranet.com\/index.php\/wp-json\/wp\/v2\/pages\/24780","targetHints":{"allow":["GET"]}}],"collection":[{"href":"https:\/\/wp.beranet.com\/index.php\/wp-json\/wp\/v2\/pages"}],"about":[{"href":"https:\/\/wp.beranet.com\/index.php\/wp-json\/wp\/v2\/types\/page"}],"author":[{"embeddable":true,"href":"https:\/\/wp.beranet.com\/index.php\/wp-json\/wp\/v2\/users\/1"}],"replies":[{"embeddable":true,"href":"https:\/\/wp.beranet.com\/index.php\/wp-json\/wp\/v2\/comments?post=24780"}],"version-history":[{"count":2,"href":"https:\/\/wp.beranet.com\/index.php\/wp-json\/wp\/v2\/pages\/24780\/revisions"}],"predecessor-version":[{"id":24782,"href":"https:\/\/wp.beranet.com\/index.php\/wp-json\/wp\/v2\/pages\/24780\/revisions\/24782"}],"wp:attachment":[{"href":"https:\/\/wp.beranet.com\/index.php\/wp-json\/wp\/v2\/media?parent=24780"}],"curies":[{"name":"wp","href":"https:\/\/api.w.org\/{rel}","templated":true}]}}